{"id":12163,"date":"2026-04-06T20:53:36","date_gmt":"2026-04-06T18:53:36","guid":{"rendered":"https:\/\/koldingmotion.dk\/?page_id=12163"},"modified":"2026-04-06T21:01:58","modified_gmt":"2026-04-06T19:01:58","slug":"busloeb-og-sommerfest-20-juni-2026","status":"publish","type":"page","link":"https:\/\/koldingmotion.dk\/index.php\/busloeb-og-sommerfest-20-juni-2026\/","title":{"rendered":"Busl\u00f8b OG Sommerfest &#8211; 20. juni 2026"},"content":{"rendered":"\n<p><\/p>\n\n\n\n<p><\/p>\n\n\n\n<p>Inden vi ved af det, er det blevet sommer igen, og dermed tid til en hyggelig KM-tradition: Busl\u00f8b og sommerfest <img loading=\"lazy\" decoding=\"async\" height=\"16\" width=\"16\" src=\"https:\/\/static.xx.fbcdn.net\/images\/emoji.php\/v9\/t79\/1\/16\/1f68c.png\" alt=\"\ud83d\ude8c\">&nbsp;&nbsp;<img loading=\"lazy\" decoding=\"async\" height=\"16\" width=\"16\" src=\"https:\/\/static.xx.fbcdn.net\/images\/emoji.php\/v9\/t79\/1\/16\/1f68c.png\" alt=\"\ud83d\ude8c\">&nbsp;<img loading=\"lazy\" decoding=\"async\" height=\"16\" width=\"16\" src=\"https:\/\/static.xx.fbcdn.net\/images\/emoji.php\/v9\/tb4\/1\/16\/2b50.png\" alt=\"\u2b50\ufe0f\"><img loading=\"lazy\" decoding=\"async\" height=\"16\" width=\"16\" src=\"https:\/\/static.xx.fbcdn.net\/images\/emoji.php\/v9\/ted\/1\/16\/1f379.png\" alt=\"\ud83c\udf79\"><img loading=\"lazy\" decoding=\"async\" height=\"16\" width=\"16\" src=\"https:\/\/static.xx.fbcdn.net\/images\/emoji.php\/v9\/t83\/1\/16\/1f60e.png\" alt=\"\ud83d\ude0e\"><img loading=\"lazy\" decoding=\"async\" height=\"16\" width=\"16\" src=\"https:\/\/static.xx.fbcdn.net\/images\/emoji.php\/v9\/t58\/1\/16\/1f929.png\" alt=\"\ud83e\udd29\"><\/p>\n\n\n\n<p><br>Mere info f\u00f8lger men s\u00e6t allerede nu kryds i kalenderen&nbsp;<img loading=\"lazy\" decoding=\"async\" height=\"16\" width=\"16\" src=\"https:\/\/static.xx.fbcdn.net\/images\/emoji.php\/v9\/t58\/1\/16\/1f929.png\" alt=\"\ud83e\udd29\"> Det bliver med garanti hyggeligt!<\/p>\n\n\n\n<p><\/p>\n\n\n\n<p><\/p>\n\n\n\n<h4 class=\"wp-block-heading\"><\/h4>\n\n\n\n<figure class=\"wp-block-image size-large\"><img loading=\"lazy\" decoding=\"async\" width=\"1024\" height=\"683\" src=\"https:\/\/koldingmotion.dk\/wp-content\/uploads\/2026\/04\/image-1024x683.png\" alt=\"\" class=\"wp-image-12952\" srcset=\"https:\/\/koldingmotion.dk\/wp-content\/uploads\/2026\/04\/image-1024x683.png 1024w, https:\/\/koldingmotion.dk\/wp-content\/uploads\/2026\/04\/image-300x200.png 300w, https:\/\/koldingmotion.dk\/wp-content\/uploads\/2026\/04\/image-768x512.png 768w, https:\/\/koldingmotion.dk\/wp-content\/uploads\/2026\/04\/image.png 1536w\" sizes=\"(max-width: 1024px) 100vw, 1024px\" \/><\/figure>\n\n\n\n<h4 class=\"wp-block-heading\">&nbsp;<\/h4>\n\n\n\n<h4 class=\"wp-block-heading\">&nbsp;<\/h4>\n\n\n\n<p><strong>Vel m\u00f8dt!<\/strong><\/p>\n\n\n\n<p><strong>Kolding Motion, B\u00f8gelund<\/strong><\/p>\n\n\n\n<p><strong>Bramdrupskovvej 40, 6000 Kolding<\/strong><\/p>\n\n\n\n<h4 class=\"wp-block-heading\">&nbsp;<\/h4>\n","protected":false},"excerpt":{"rendered":"<p>Inden vi ved af det, er det blevet sommer igen, og dermed tid til en hyggelig KM-tradition: Busl\u00f8b og sommerfest &nbsp;&nbsp;&nbsp; Mere info f\u00f8lger men s\u00e6t allerede nu kryds i [&hellip;]<\/p>\n","protected":false},"author":990007,"featured_media":0,"parent":0,"menu_order":0,"comment_status":"closed","ping_status":"closed","template":"","meta":{"footnotes":""},"class_list":["post-12163","page","type-page","status-publish","hentry"],"_links":{"self":[{"href":"https:\/\/koldingmotion.dk\/index.php\/wp-json\/wp\/v2\/pages\/12163"}],"collection":[{"href":"https:\/\/koldingmotion.dk\/index.php\/wp-json\/wp\/v2\/pages"}],"about":[{"href":"https:\/\/koldingmotion.dk\/index.php\/wp-json\/wp\/v2\/types\/page"}],"author":[{"embeddable":true,"href":"https:\/\/koldingmotion.dk\/index.php\/wp-json\/wp\/v2\/users\/990007"}],"replies":[{"embeddable":true,"href":"https:\/\/koldingmotion.dk\/index.php\/wp-json\/wp\/v2\/comments?post=12163"}],"version-history":[{"count":3,"href":"https:\/\/koldingmotion.dk\/index.php\/wp-json\/wp\/v2\/pages\/12163\/revisions"}],"predecessor-version":[{"id":12953,"href":"https:\/\/koldingmotion.dk\/index.php\/wp-json\/wp\/v2\/pages\/12163\/revisions\/12953"}],"wp:attachment":[{"href":"https:\/\/koldingmotion.dk\/index.php\/wp-json\/wp\/v2\/media?parent=12163"}],"curies":[{"name":"wp","href":"https:\/\/api.w.org\/{rel}","templated":true}]}}