{"id":12513,"date":"2025-05-19T21:24:49","date_gmt":"2025-05-19T19:24:49","guid":{"rendered":"https:\/\/koldingmotion.dk\/?page_id=12513"},"modified":"2025-08-11T22:42:13","modified_gmt":"2025-08-11T20:42:13","slug":"km-klubture-guide-2","status":"publish","type":"page","link":"https:\/\/koldingmotion.dk\/index.php\/km-klubture-guide-2\/","title":{"rendered":"KM Klubture &#8211; guide"},"content":{"rendered":"\n<p><strong>Kolding Motion \u2013 en guide til klubrejser<\/strong><\/p>\n\n\n\n<p><em>Hvad b\u00f8r man v\u00e6re opm\u00e6rksom p\u00e5, hvis man skal arrangere en f\u00e6lles klubrejse, hvor KM-medlemmer deltager og repr\u00e6senterer den lyser\u00f8de klubtr\u00f8je rundt om i b\u00e5de ind- og udland? Nedenfor f\u00f8lger en r\u00e6kke gode r\u00e5d, som du som tovholder p\u00e5 turen med fordel kan t\u00e6nke over.<br><br><\/em><\/p>\n\n\n\n<p><strong>Form\u00e5l og ide. <em>Mere end \u00bd \u00e5r f\u00f8r rejsen.<\/em><\/strong><br>En klubrejse b\u00f8r have \u00e9t m\u00e5l, deltagelse i motionsl\u00f8b. Invit\u00e9r s\u00e5 vidt muligt alle i klubben til at deltage.<br>Rejsen kan ogs\u00e5 l\u00e6gge op til feriedage med aktiviteter. De kan v\u00e6re f\u00e6lles for gruppen, i mindre grupper eller alene.<\/p>\n\n\n\n<p><br><strong>Planl\u00e6gning. <em>Gerne 5-6 m\u00e5neder f\u00f8r rejsen.<\/em><\/strong><br>Start med at m\u00f8des for lige at afstemme forventninger og sikre at der fortsat er solid opbakning til turen.<br>Udpeg gerne en person i gruppen som tovholder p\u00e5 projektet. God id\u00e9 at deles om de praktiske opgaver.<br>Se om det er muligt med f\u00e6lles tilmelding til l\u00f8bet. En del l\u00f8b bliver hurtigt udsolgt, s\u00e5 v\u00e6r ude i god tid, is\u00e6r hvis der skal foretages f\u00e6lles holdtilmelding.<br>Find den \u00f8nskede transportform og opholdssted. Indhent gerne tilbud fra forskellige rejsearrang\u00f8rer, (grupperejser). Der er flere gode rejseportaler p\u00e5 nettet.<br>Det kan v\u00e6re en fordel at bo t\u00e6t p\u00e5 start\/m\u00e5lomr\u00e5det. Herved undg\u00e5s un\u00f8dvendig transport og stress p\u00e5 l\u00f8bsdagen.<br>Det kan anbefales at have minimum \u00e9n dag f\u00f8r og efter l\u00f8bet p\u00e5 destinationen; giver ro p\u00e5 hele turen.<br>V\u00e6r opm\u00e6rksom p\u00e5 passets gyldighedsdato, og v\u00e6r opm\u00e6rksom p\u00e5, om der g\u00e6lder s\u00e6rlige indrejseregler til det specifikke land. Ved rejser udenfor DK medbringes ogs\u00e5 det bl\u00e5 sygeforsikringsbevis. Rejseforsikring er som regel en god ide. De fleste har det via indboforsikring.<\/p>\n\n\n\n<p><br><strong>Rejsen.<\/strong><br>Aftal m\u00f8dested og tidspunkt for samling inden afgang og hjemrejse.<br>Hav gerne kontaktoplysninger p\u00e5 hinanden, s\u00e5 I kan kommunikere, hvis I ikke er sammen hele tiden. Aftal l\u00f8bende m\u00f8desteder og -tider, n\u00e5r I rejser, s\u00e5ledes ingen skal lede efter andre \ud83d\ude0a.<\/p>\n\n\n\n<p><br><strong>\u00d8konomi.<\/strong><br>Lav et budget for alle omkostninger. S\u00e5 kan deltagere v\u00e6lge til og fra ifht \u00f8konomisk form\u00e5en.<br>Vigtigt at der er en klar aftale om, hvordan udgifter afholdes og deles. K\u00f8bes der f\u00e6lles billetter, aftal da gerne hvorn\u00e5r der skal afregnes internt mellem deltagerne. MobilePay er eminent til opgaven.<br>Lav en rejsebeskrivelse af turen og send den til alle deltagere. Vigtigt hvis der bliver brug for rejseforsikring. Erstatning afh\u00e6nger af, hvad der er \u201dk\u00f8bt\u201d til rejsen.<br>Aftal hvad der skal g\u00f8res ved afbud. Som udgangspunkt b\u00f8r rejsen v\u00e6re den enkelte deltagers ansvar.<br>Hav altid lidt lokal kontant valuta med. Betalingskort er ikke brugbare alle steder. Check udl\u00f8bsdato p\u00e5 betalingskort.<\/p>\n\n\n\n<p><br>KM-medlemmers f\u00e6llesrejser sker p\u00e5 eget initiativ og ansvar. KM er ikke ansvarlig i nogen henseender.<br>Vi \u00f8nsker alle en god klubtur og husk at sende en masse billeder hjem til os andre\ud83d\ude0a<\/p>\n\n\n\n<p><\/p>\n\n\n\n<p><em>Udarbejdet af bestyrelsen i Kolding Motion, april 2025<\/em><\/p>\n\n\n\n<p><\/p>\n","protected":false},"excerpt":{"rendered":"<p>Kolding Motion \u2013 en guide til klubrejser Hvad b\u00f8r man v\u00e6re opm\u00e6rksom p\u00e5, hvis man skal arrangere en f\u00e6lles klubrejse, hvor KM-medlemmer deltager og repr\u00e6senterer den lyser\u00f8de klubtr\u00f8je rundt om [&hellip;]<\/p>\n","protected":false},"author":990007,"featured_media":0,"parent":0,"menu_order":0,"comment_status":"closed","ping_status":"closed","template":"","meta":{"footnotes":""},"class_list":["post-12513","page","type-page","status-publish","hentry"],"_links":{"self":[{"href":"https:\/\/koldingmotion.dk\/index.php\/wp-json\/wp\/v2\/pages\/12513"}],"collection":[{"href":"https:\/\/koldingmotion.dk\/index.php\/wp-json\/wp\/v2\/pages"}],"about":[{"href":"https:\/\/koldingmotion.dk\/index.php\/wp-json\/wp\/v2\/types\/page"}],"author":[{"embeddable":true,"href":"https:\/\/koldingmotion.dk\/index.php\/wp-json\/wp\/v2\/users\/990007"}],"replies":[{"embeddable":true,"href":"https:\/\/koldingmotion.dk\/index.php\/wp-json\/wp\/v2\/comments?post=12513"}],"version-history":[{"count":4,"href":"https:\/\/koldingmotion.dk\/index.php\/wp-json\/wp\/v2\/pages\/12513\/revisions"}],"predecessor-version":[{"id":12610,"href":"https:\/\/koldingmotion.dk\/index.php\/wp-json\/wp\/v2\/pages\/12513\/revisions\/12610"}],"wp:attachment":[{"href":"https:\/\/koldingmotion.dk\/index.php\/wp-json\/wp\/v2\/media?parent=12513"}],"curies":[{"name":"wp","href":"https:\/\/api.w.org\/{rel}","templated":true}]}}