{"id":12970,"date":"2026-04-28T23:22:42","date_gmt":"2026-04-28T21:22:42","guid":{"rendered":"https:\/\/koldingmotion.dk\/?page_id=12970"},"modified":"2026-04-28T23:53:40","modified_gmt":"2026-04-28T21:53:40","slug":"loeb-uden-laek","status":"publish","type":"page","link":"https:\/\/koldingmotion.dk\/index.php\/loeb-uden-laek\/","title":{"rendered":"Nice to know &#8211; runners info"},"content":{"rendered":"\n<p><br><\/p>\n\n\n\n<p><strong>S\u00e5dan l\u00f8ber du &#8211; uden l\u00e6k<br><\/strong><br>Denne guide er udviklet af Styrk dit Underliv og Props &amp; Pearls \u2013 to faglige specialister, der dagligt arbejder med underlivsproblematikker som inkontinens.<br><br>L\u00e6s mere<a href=\"https:\/\/hcamarathon.dk\/wp-content\/uploads\/2026\/04\/LUL_Guide_April2026.pdf\"> her<\/a><br><br><br><\/p>\n\n\n\n<div class=\"wp-block-columns is-layout-flex wp-container-core-columns-is-layout-9d6595d7 wp-block-columns-is-layout-flex\">\n<div class=\"wp-block-column is-layout-flow wp-block-column-is-layout-flow\" style=\"flex-basis:100%\">\n<figure class=\"wp-block-image size-large\"><img loading=\"lazy\" decoding=\"async\" width=\"1024\" height=\"477\" src=\"https:\/\/koldingmotion.dk\/wp-content\/uploads\/2026\/04\/LUL-Loeb-uden-Laek-1024x477.jpeg\" alt=\"\" class=\"wp-image-12978\" srcset=\"https:\/\/koldingmotion.dk\/wp-content\/uploads\/2026\/04\/LUL-Loeb-uden-Laek-1024x477.jpeg 1024w, https:\/\/koldingmotion.dk\/wp-content\/uploads\/2026\/04\/LUL-Loeb-uden-Laek-300x140.jpeg 300w, https:\/\/koldingmotion.dk\/wp-content\/uploads\/2026\/04\/LUL-Loeb-uden-Laek-768x358.jpeg 768w, https:\/\/koldingmotion.dk\/wp-content\/uploads\/2026\/04\/LUL-Loeb-uden-Laek.jpeg 1168w\" sizes=\"auto, (max-width: 1024px) 100vw, 1024px\" \/><\/figure>\n<\/div>\n<\/div>\n","protected":false},"excerpt":{"rendered":"<p>S\u00e5dan l\u00f8ber du &#8211; uden l\u00e6kDenne guide er udviklet af Styrk dit Underliv og Props &amp; Pearls \u2013 to faglige specialister, der dagligt arbejder med underlivsproblematikker som inkontinens. L\u00e6s mere [&hellip;]<\/p>\n","protected":false},"author":990007,"featured_media":0,"parent":0,"menu_order":0,"comment_status":"closed","ping_status":"closed","template":"","meta":{"footnotes":""},"class_list":["post-12970","page","type-page","status-publish","hentry"],"_links":{"self":[{"href":"https:\/\/koldingmotion.dk\/index.php\/wp-json\/wp\/v2\/pages\/12970","targetHints":{"allow":["GET"]}}],"collection":[{"href":"https:\/\/koldingmotion.dk\/index.php\/wp-json\/wp\/v2\/pages"}],"about":[{"href":"https:\/\/koldingmotion.dk\/index.php\/wp-json\/wp\/v2\/types\/page"}],"author":[{"embeddable":true,"href":"https:\/\/koldingmotion.dk\/index.php\/wp-json\/wp\/v2\/users\/990007"}],"replies":[{"embeddable":true,"href":"https:\/\/koldingmotion.dk\/index.php\/wp-json\/wp\/v2\/comments?post=12970"}],"version-history":[{"count":7,"href":"https:\/\/koldingmotion.dk\/index.php\/wp-json\/wp\/v2\/pages\/12970\/revisions"}],"predecessor-version":[{"id":12982,"href":"https:\/\/koldingmotion.dk\/index.php\/wp-json\/wp\/v2\/pages\/12970\/revisions\/12982"}],"wp:attachment":[{"href":"https:\/\/koldingmotion.dk\/index.php\/wp-json\/wp\/v2\/media?parent=12970"}],"curies":[{"name":"wp","href":"https:\/\/api.w.org\/{rel}","templated":true}]}}