{"id":6463,"date":"2020-08-17T19:53:06","date_gmt":"2020-08-17T17:53:06","guid":{"rendered":"https:\/\/koldingmotion.robbert.dk\/?page_id=6463"},"modified":"2022-12-21T23:37:13","modified_gmt":"2022-12-21T22:37:13","slug":"laaseuge","status":"publish","type":"page","link":"https:\/\/koldingmotion.dk\/index.php\/info\/laaseuge\/","title":{"rendered":"V\u00e6skeuds\u00e6tning"},"content":{"rendered":"<p>[vc_row][vc_column width=&#8221;2\/3&#8243;][vc_column_text]P\u00e5 l\u00f8rdagsturene uds\u00e6ttes der v\u00e6ske til gl\u00e6de for alle medlemmer, ikke mindst p\u00e5 de varme sommerdage. Det er medlemmerne selv der p\u00e5 skift s\u00e6tter v\u00e6ske ud.\u00a0 Her p\u00e5 siden kan du l\u00f8bende f\u00f8lge med i, hvem der s\u00e6tter v\u00e6ske ud hvorn\u00e5r. Det forventes, at alle klubmedlemmer tager del i denne aktivitet min. \u00e9n gang \u00e5rligt.<br \/>\n<!-- \/wp:shortcode -->[\/vc_column_text][vc_empty_space][vc_column_text]<strong>V\u00e6ske:<\/strong><br \/>\nOm l\u00f8rdagen bringes vand og energidrik ud p\u00e5 ruten og stilles p\u00e5 stedet der er m\u00e6rket V p\u00e5 rutekortet<\/p>\n<ul>\n<li>Mellem 15 og 20 km = 2 v\u00e6skedepoter<\/li>\n<li>Mellem 20 og 25 km = 3 v\u00e6skedepoter<\/li>\n<li>Over 25 km = 4 v\u00e6skedepoter<\/li>\n<\/ul>\n<p><!-- \/wp:shortcode -->[\/vc_column_text][vc_empty_space][vc_column_text]<div class=\"rssfp-items-wrapper\"><!--via MagpieRSS with rssfp_import-->25. apr, 2026<br \/>\n<a href=\"https:\/\/www.conventus.dk\/dataudv\/www\/vis_aktivitet.php?id=551739\" title=\"V\u00e6ske - Jesper Fournais Jacobsen\">V\u00e6ske &#8211; Jesper Fournais Jacobsen<\/a><\/p>\n<p>2. maj, 2026<br \/>\n<a href=\"https:\/\/www.conventus.dk\/dataudv\/www\/vis_aktivitet.php?id=551726\" title=\"V\u00e6ske - Henrik Laursen\">V\u00e6ske &#8211; Henrik Laursen<\/a><\/p>\n<p>9. maj, 2026<br \/>\n<a href=\"https:\/\/www.conventus.dk\/dataudv\/www\/vis_aktivitet.php?id=551728\" title=\"V\u00e6ske - Ren\u00e9 Nielsen\">V\u00e6ske &#8211; Ren\u00e9 Nielsen<\/a><\/p>\n<p>16. maj, 2026<br \/>\n<a href=\"https:\/\/www.conventus.dk\/dataudv\/www\/vis_aktivitet.php?id=551729\" title=\"V\u00e6ske - Berit Jensen\">V\u00e6ske &#8211; Berit Jensen<\/a><\/p>\n<p>23. maj, 2026<br \/>\n<a href=\"https:\/\/www.conventus.dk\/dataudv\/www\/vis_aktivitet.php?id=551730\" title=\"V\u00e6ske - S\u00f8ren \/ Kirstine Svenningen\">V\u00e6ske &#8211; S\u00f8ren \/ Kirstine Svenningen<\/a><\/p>\n<p>30. maj, 2026<br \/>\n<a href=\"https:\/\/www.conventus.dk\/dataudv\/www\/vis_aktivitet.php?id=551731\" title=\"V\u00e6ske - mangler en til v\u00e6ske\">V\u00e6ske &#8211; mangler en til v\u00e6ske<\/a><\/p>\n<p>6. jun, 2026<br \/>\n<a href=\"https:\/\/www.conventus.dk\/dataudv\/www\/vis_aktivitet.php?id=551732\" title=\"V\u00e6ske - S\u00f8ren og Lone Jul\">V\u00e6ske &#8211; S\u00f8ren og Lone Jul<\/a><\/p>\n<p>13. jun, 2026<br \/>\n<a href=\"https:\/\/www.conventus.dk\/dataudv\/www\/vis_aktivitet.php?id=551733\" title=\"V\u00e6ske - Jette Larsen\">V\u00e6ske &#8211; Jette Larsen<\/a><\/p>\n<p>20. jun, 2026<br \/>\n<a href=\"https:\/\/www.conventus.dk\/dataudv\/www\/vis_aktivitet.php?id=551734\" title=\"V\u00e6ske - Morten Kirkegaard\">V\u00e6ske &#8211; Morten Kirkegaard<\/a><\/p>\n<p>27. jun, 2026<br \/>\n<a href=\"https:\/\/www.conventus.dk\/dataudv\/www\/vis_aktivitet.php?id=551735\" title=\"V\u00e6ske - Ren\u00e9 Jonsgaard Jensen\">V\u00e6ske &#8211; Ren\u00e9 Jonsgaard Jensen<\/a><\/p>\n<p>4. jul, 2026<br \/>\n<a href=\"https:\/\/www.conventus.dk\/dataudv\/www\/vis_aktivitet.php?id=551736\" title=\"V\u00e6ske - Steffen Hansen\">V\u00e6ske &#8211; Steffen Hansen<\/a><\/p>\n<p>10. jul, 2026<br \/>\n<a href=\"https:\/\/www.conventus.dk\/dataudv\/www\/vis_aktivitet.php?id=551737\" title=\"V\u00e6ske - Christian Andersen\">V\u00e6ske &#8211; Christian Andersen<\/a><\/p>\n<p><\/div>[\/vc_column_text][\/vc_column][vc_column width=&#8221;1\/3&#8243;][vc_empty_space][vc_single_image image=&#8221;7386&#8243; alignment=&#8221;center&#8221;][\/vc_column][\/vc_row]<\/p>\n","protected":false},"excerpt":{"rendered":"<p>[vc_row][vc_column width=&#8221;2\/3&#8243;][vc_column_text]P\u00e5 l\u00f8rdagsturene uds\u00e6ttes der v\u00e6ske til gl\u00e6de for alle medlemmer, ikke mindst p\u00e5 de varme sommerdage. Det er medlemmerne selv der p\u00e5 skift s\u00e6tter v\u00e6ske ud.\u00a0 Her p\u00e5 siden [&hellip;]<\/p>\n","protected":false},"author":1,"featured_media":0,"parent":2622,"menu_order":2,"comment_status":"closed","ping_status":"closed","template":"","meta":{"footnotes":""},"class_list":["post-6463","page","type-page","status-publish","hentry"],"_links":{"self":[{"href":"https:\/\/koldingmotion.dk\/index.php\/wp-json\/wp\/v2\/pages\/6463"}],"collection":[{"href":"https:\/\/koldingmotion.dk\/index.php\/wp-json\/wp\/v2\/pages"}],"about":[{"href":"https:\/\/koldingmotion.dk\/index.php\/wp-json\/wp\/v2\/types\/page"}],"author":[{"embeddable":true,"href":"https:\/\/koldingmotion.dk\/index.php\/wp-json\/wp\/v2\/users\/1"}],"replies":[{"embeddable":true,"href":"https:\/\/koldingmotion.dk\/index.php\/wp-json\/wp\/v2\/comments?post=6463"}],"version-history":[{"count":27,"href":"https:\/\/koldingmotion.dk\/index.php\/wp-json\/wp\/v2\/pages\/6463\/revisions"}],"predecessor-version":[{"id":10280,"href":"https:\/\/koldingmotion.dk\/index.php\/wp-json\/wp\/v2\/pages\/6463\/revisions\/10280"}],"up":[{"embeddable":true,"href":"https:\/\/koldingmotion.dk\/index.php\/wp-json\/wp\/v2\/pages\/2622"}],"wp:attachment":[{"href":"https:\/\/koldingmotion.dk\/index.php\/wp-json\/wp\/v2\/media?parent=6463"}],"curies":[{"name":"wp","href":"https:\/\/api.w.org\/{rel}","templated":true}]}}