{"id":6496,"date":"2020-08-18T15:08:43","date_gmt":"2020-08-18T13:08:43","guid":{"rendered":"https:\/\/koldingmotion.robbert.dk\/?page_id=6496"},"modified":"2020-11-02T12:40:52","modified_gmt":"2020-11-02T12:40:52","slug":"husorden","status":"publish","type":"page","link":"https:\/\/koldingmotion.dk\/index.php\/info\/husorden\/","title":{"rendered":"Husorden p\u00e5 B\u00f8gelund"},"content":{"rendered":"<p>[vc_row full_width=&#8221;stretch_row&#8221; inverse=&#8221;&#8221; css=&#8221;.vc_custom_1572299279780{background-color: #ffffff !important;}&#8221;][vc_column][vc_empty_space height=&#8221;75px&#8221;][\/vc_column][\/vc_row][vc_row full_width=&#8221;stretch_row&#8221; inverse=&#8221;&#8221; css=&#8221;.vc_custom_1572299279780{background-color: #ffffff !important;}&#8221;][vc_column width=&#8221;2\/3&#8243;][vc_column_text]<\/p>\n<article class=\"art-post\">\n<div class=\"art-postcontent clearfix\">\n<div class=\"art-article\">\n<p style=\"text-align: left;\" align=\"center\">Enhver bruger af lokalerne skal efterlade de(t) anvendte lokale(r) med samme bord- og stole-opstilling, som inden I benyttede lokalet.<\/p>\n<p style=\"text-align: left;\" align=\"center\">Alle rum, som en bruger har anvendt, skal v\u00e6re ryddet for alt efter endt brug.<\/p>\n<p style=\"text-align: left;\" align=\"center\">Toiletterne skal efterlades i rengjort stand.<\/p>\n<p style=\"text-align: left;\" align=\"center\">Al affald skal v\u00e6re fjernet fra lokalerne, n\u00e5r man forlader B\u00f8gelund og brugte kaffefiltre fjernes fra kaffemaskinerne.<\/p>\n<p style=\"text-align: left;\" align=\"center\">Det foruds\u00e6ttes, at ingen optr\u00e6der i tr\u00e6ningst\u00f8j efter tr\u00e6ning \u2013 3 \u00e5rsager:<br \/>\nAlmindelig hygiejne, stofm\u00f8blerne bliver v\u00e5de og s\u00e5 et naturligt hensyn til andre.<\/p>\n<p style=\"text-align: left;\" align=\"center\">Snavset udefodt\u00f8j hens\u00e6ttes i hovedindgangen, verandaen eller slusen til haven.<\/p>\n<p style=\"text-align: left;\">(1). K\u00d8KKEN:<br \/>\nHar en bruger brugt bestik, service eller andet udstyr fra Kolding Motions skabe, er det brugerens ansvar, at alt, inden man forlader B\u00f8gelund, er vasket op og lagt p\u00e5 plads. Det g\u00e6lder ogs\u00e5 kaffemaskine(r).<br \/>\nSkabe, der er m\u00e6rket med Kolding Rideklub, skal respekteres som absolut private.<\/p>\n<p style=\"text-align: left;\">(2). HAVESTUEN:<\/p>\n<p style=\"text-align: left;\">N\u00e5r Havestuen forlades, skal d\u00f8rene til k\u00f8kkenet og udgangen til haven v\u00e6re l\u00e5st.<\/p>\n<p style=\"text-align: left;\">(3). PEJSESTUEN:<\/p>\n<p style=\"text-align: left;\">Det er forbudt at bruge pejsen p\u00e5 grund af brandfare.<br \/>\nN\u00e5r Pejsestuen forlades skal bruger sikre sig, at yderd\u00f8ren i verandaen er l\u00e5st, og at d\u00f8ren til hall\u2019en bliver l\u00e5st.<\/p>\n<p style=\"text-align: left;\">(4). TRAPPEN:<\/p>\n<p style=\"text-align: left;\">Trappen i hall\u2019en til 1. sal m\u00e5 ikke betr\u00e6des, da den er privat omr\u00e5de.<\/p>\n<p style=\"text-align: left;\" align=\"center\">Bruger har ansvaret for, at hovedd\u00f8ren er l\u00e5st og lyset slukket, n\u00e5r sidste mand g\u00e5r.<\/p>\n<p style=\"text-align: left;\">Kolding Motion benytter lokalerne fast mandag og onsdag fra kl. 16:00 til 19:00 samt p\u00e5 l\u00f8rdage fra kl. 09:00 til kl. 14:00.<\/p>\n<p style=\"text-align: left;\">Uden for disse tidsrum er lokalerne til r\u00e5dighed for Kolding Rideklub og B\u00f8gelund-klubberne, som tidligere aftalt i aftalen af 9. januar 2012.<\/p>\n<p style=\"text-align: left;\">Bookning af lokaler sker p\u00e5 kalenderen i hall\u2019en efter princippet \u2019F\u00f8rst til m\u00f8lle\u2019.<\/p>\n<p style=\"text-align: left;\">Lokalerne kan kun benyttes af foreninger til arrangementer &#8211; IKKE af private \/ klubmedlemmer.<\/p>\n<p style=\"text-align: left;\">Det er en ufravigelig aftale mellem Kolding Rideklub og de 6 B\u00f8gelund-klubber (9. januar aftalen), at den hidtidige gode \u2019Hj\u00e6lpe hinanden-\u00e5nd\u2019 fortsat skal v\u00e6re g\u00e6ldende og praktiseres.<br \/>\nAftalen foruds\u00e6tter, at ovenn\u00e6vnte husorden respekteres og overholdes af alle brugere.<\/p>\n<p style=\"text-align: left;\" align=\"center\">Denne husorden er udf\u00e6rdiget 17. november 2012<\/p>\n<p style=\"text-align: left;\" align=\"center\">i overensstemmelse med 9. januar aftalen.<br \/>\nRevideret maj 2019.<\/p>\n<p style=\"text-align: left;\" align=\"center\">Kolding Motion&#8217;s bestyrelse<\/p>\n<p style=\"text-align: left;\" align=\"center\">HUSORDEN for B\u00d8GELUND \u2013 Side 1 af 1<\/p>\n<\/div>\n<\/div>\n<\/article>\n<p>[\/vc_column_text][\/vc_column][vc_column width=&#8221;1\/3&#8243;][\/vc_column][\/vc_row][vc_row][vc_column][\/vc_column][\/vc_row]<\/p>\n","protected":false},"excerpt":{"rendered":"<p>[vc_row full_width=&#8221;stretch_row&#8221; inverse=&#8221;&#8221; css=&#8221;.vc_custom_1572299279780{background-color: #ffffff !important;}&#8221;][vc_column][vc_empty_space height=&#8221;75px&#8221;][\/vc_column][\/vc_row][vc_row full_width=&#8221;stretch_row&#8221; inverse=&#8221;&#8221; css=&#8221;.vc_custom_1572299279780{background-color: #ffffff !important;}&#8221;][vc_column width=&#8221;2\/3&#8243;][vc_column_text] Enhver bruger af lokalerne skal efterlade de(t) anvendte lokale(r) med samme bord- og stole-opstilling, som inden I [&hellip;]<\/p>\n","protected":false},"author":1,"featured_media":0,"parent":2622,"menu_order":1,"comment_status":"closed","ping_status":"closed","template":"","meta":{"footnotes":""},"class_list":["post-6496","page","type-page","status-publish","hentry"],"_links":{"self":[{"href":"https:\/\/koldingmotion.dk\/index.php\/wp-json\/wp\/v2\/pages\/6496"}],"collection":[{"href":"https:\/\/koldingmotion.dk\/index.php\/wp-json\/wp\/v2\/pages"}],"about":[{"href":"https:\/\/koldingmotion.dk\/index.php\/wp-json\/wp\/v2\/types\/page"}],"author":[{"embeddable":true,"href":"https:\/\/koldingmotion.dk\/index.php\/wp-json\/wp\/v2\/users\/1"}],"replies":[{"embeddable":true,"href":"https:\/\/koldingmotion.dk\/index.php\/wp-json\/wp\/v2\/comments?post=6496"}],"version-history":[{"count":1,"href":"https:\/\/koldingmotion.dk\/index.php\/wp-json\/wp\/v2\/pages\/6496\/revisions"}],"predecessor-version":[{"id":7364,"href":"https:\/\/koldingmotion.dk\/index.php\/wp-json\/wp\/v2\/pages\/6496\/revisions\/7364"}],"up":[{"embeddable":true,"href":"https:\/\/koldingmotion.dk\/index.php\/wp-json\/wp\/v2\/pages\/2622"}],"wp:attachment":[{"href":"https:\/\/koldingmotion.dk\/index.php\/wp-json\/wp\/v2\/media?parent=6496"}],"curies":[{"name":"wp","href":"https:\/\/api.w.org\/{rel}","templated":true}]}}