{"id":6575,"date":"2020-08-19T18:11:52","date_gmt":"2020-08-19T16:11:52","guid":{"rendered":"https:\/\/koldingmotion.robbert.dk\/?page_id=6575"},"modified":"2026-04-06T20:06:23","modified_gmt":"2026-04-06T18:06:23","slug":"rabatter-i-butikker","status":"publish","type":"page","link":"https:\/\/koldingmotion.dk\/index.php\/links\/rabatter-i-butikker\/","title":{"rendered":"Rabatter i butikker"},"content":{"rendered":"<p>[vc_row full_width=&#8221;stretch_row&#8221; inverse=&#8221;&#8221; css=&#8221;.vc_custom_1572299279780{background-color: #ffffff !important;}&#8221;][vc_column width=&#8221;5\/6&#8243;]<h4 class=\"sc_title sc_title_regular\"><\/p>\n<h3>L\u00f8beren<\/h3>\n<p><\/h4>[vc_empty_space height=&#8221;25px&#8221;][vc_column_text]<img loading=\"lazy\" decoding=\"async\" class=\"alignnone size-medium wp-image-9854\" src=\"https:\/\/server.moesborg.dk\/~koldingmotion\/wp-content\/uploads\/2022\/06\/Loberen-300x108.jpg\" alt=\"\" width=\"300\" height=\"108\" srcset=\"https:\/\/koldingmotion.dk\/wp-content\/uploads\/2022\/06\/Loberen-300x108.jpg 300w, https:\/\/koldingmotion.dk\/wp-content\/uploads\/2022\/06\/Loberen-1024x369.jpg 1024w, https:\/\/koldingmotion.dk\/wp-content\/uploads\/2022\/06\/Loberen-768x277.jpg 768w, https:\/\/koldingmotion.dk\/wp-content\/uploads\/2022\/06\/Loberen.jpg 1354w\" sizes=\"(max-width: 300px) 100vw, 300px\" \/><\/p>\n<p>Kolding Motions medlemmer kan\u00a0 opn\u00e5 15% rabat p\u00e5 aktuelle priser i vores butik i Vejle. Rabatten g\u00e6lder ogs\u00e5 online. Skriv #kolmotion i rabatkode-feltet inden betaling.\u00a0Undtaget er alle l\u00f8beure, babyjoggere og varer, der i forvejen er nedsat i pris.<\/p>\n<div>\n<div>Netop nu er L\u00f8beren p\u00e5 gaden med deres nye flotte magasin.<\/div>\n<div>Se det <a href=\"https:\/\/isu.pub\/Jhr1XwY\">her<\/a> og bliv inspireret til masser af l\u00f8b i for\u00e5ret. Skulle nogen have lyst til at modtage et fysisk magasin i fremtiden &#8211; helt gratis &#8211; kan man skrive sig op via dette link: <a href=\"https:\/\/loberen.dk\/magasin\" target=\"_blank\" rel=\"nofollow noopener noreferrer\">https:\/\/loberen.dk\/magasin<\/a><\/div>\n<\/div>\n<p>L\u00e6s mere om l\u00f8beren p\u00e5 deres hjemmeside:\u00a0<a href=\"http:\/\/loberen.dk\/butikker\/vejle\">http:\/\/loberen.dk\/butikker\/vejle<\/a>[\/vc_column_text][vc_empty_space height=&#8221;75px&#8221;][\/vc_column][vc_column width=&#8221;1\/6&#8243;][\/vc_column][vc_column][vc_column_text]<\/p>\n<div dir=\"ltr\">\n<div id=\"yiv9540456755ydpd1513963yahoo_quoted_1121263838\" class=\"yiv9540456755ydpd1513963yahoo_quoted\">\n<div id=\"yiv9540456755ydpd1513963yiv6260889713\">\n<div class=\"yiv9540456755ydpd1513963yiv6260889713WordSection1\">\n<p><img loading=\"lazy\" decoding=\"async\" class=\"alignnone size-medium wp-image-12802\" src=\"https:\/\/koldingmotion.dk\/wp-content\/uploads\/2026\/01\/Eventyrsport-logo-178x300.gif\" alt=\"\" width=\"178\" height=\"300\" srcset=\"https:\/\/koldingmotion.dk\/wp-content\/uploads\/2026\/01\/Eventyrsport-logo-178x300.gif 178w, https:\/\/koldingmotion.dk\/wp-content\/uploads\/2026\/01\/Eventyrsport-logo-609x1024.gif 609w, https:\/\/koldingmotion.dk\/wp-content\/uploads\/2026\/01\/Eventyrsport-logo-768x1291.gif 768w, https:\/\/koldingmotion.dk\/wp-content\/uploads\/2026\/01\/Eventyrsport-logo-913x1536.gif 913w, https:\/\/koldingmotion.dk\/wp-content\/uploads\/2026\/01\/Eventyrsport-logo-1218x2048.gif 1218w\" sizes=\"(max-width: 178px) 100vw, 178px\" \/><\/p>\n<p>Eventyrsport &#8211; Danmarks f\u00f8rende Outdoor butik.<\/p>\n<p class=\"yiv9540456755ydpd1513963yiv6260889713MsoNormal\">Kolding Motions medlemmer opn\u00e5r 20% rabat i alle Eventyr Sports fysiske butikker samt p\u00e5 webshoppen. Dog ydes der ikke rabat p\u00e5 i forvejen nedsatte varer, \u201dskarp pris\u201d, Garmin\/ elektronik, gavekort, samt l\u00f8bsdeltagelse. Rabatten kan heller ikke kombineres med andre rabataftaler.<\/p>\n<p>Ved websalg benyttes en rabatkode, og samme kode bedes oplyst ved k\u00f8b i fysisk butik. Rabatkoden er blevet udsendt til medlemmerne via et nyhedsbrev, og ellers kan den ogs\u00e5 oplyses ved henvendelse til et bestyrelsesmedlem. Rabatkoden fornys \u00e9n gang \u00e5rligt, og den nye kode vil blive sendt ud i starten af \u00e5ret.<\/p>\n<\/div>\n<\/div>\n<\/div>\n<\/div>\n<p>[\/vc_column_text][\/vc_column][\/vc_row][vc_row full_width=&#8221;stretch_row&#8221; inverse=&#8221;&#8221; css=&#8221;.vc_custom_1572299279780{background-color: #ffffff !important;}&#8221;][vc_column width=&#8221;2\/3&#8243;][vc_empty_space height=&#8221;75px&#8221;]<h4 class=\"sc_title sc_title_regular\"><\/p>\n<h3>Bodyzen<\/h3>\n<p><\/h4>[vc_empty_space height=&#8221;25px&#8221;][vc_column_text]<\/p>\n<div>\n<p><img loading=\"lazy\" decoding=\"async\" class=\"alignnone size-full wp-image-7891\" src=\"https:\/\/server.moesborg.dk\/~koldingmotion\/wp-content\/uploads\/2020\/12\/bodyzen.png\" alt=\"\" width=\"200\" height=\"200\" srcset=\"https:\/\/koldingmotion.dk\/wp-content\/uploads\/2020\/12\/bodyzen.png 200w, https:\/\/koldingmotion.dk\/wp-content\/uploads\/2020\/12\/bodyzen-150x150.png 150w\" sizes=\"(max-width: 200px) 100vw, 200px\" \/><\/p>\n<p>Kolding Motions medlemmer kan\u00a0 handle til minus 10% p\u00e5 aktuelle priser i butikken i Kolding. Undtaget er varer, der i forvejen er nedsat i pris.<\/p>\n<p>L\u00e6s mere om Bodyzen p\u00e5 hjemmesiden:\u00a0<a href=\"http:\/\/bodyzen.dk\/\">http:\/\/bodyzen.dk<\/a><\/p>\n<p>Hilsen Nicolai Nissen, Bodyzen<\/p>\n<\/div>\n<p>[\/vc_column_text][vc_empty_space height=&#8221;100px&#8221;][vc_column_text]<img loading=\"lazy\" decoding=\"async\" class=\"alignnone size-medium wp-image-9853\" src=\"https:\/\/server.moesborg.dk\/~koldingmotion\/wp-content\/uploads\/2022\/06\/KrixRun_sort-300x47.png\" alt=\"\" width=\"300\" height=\"47\" srcset=\"https:\/\/koldingmotion.dk\/wp-content\/uploads\/2022\/06\/KrixRun_sort-300x47.png 300w, https:\/\/koldingmotion.dk\/wp-content\/uploads\/2022\/06\/KrixRun_sort-768x120.png 768w, https:\/\/koldingmotion.dk\/wp-content\/uploads\/2022\/06\/KrixRun_sort.png 792w\" sizes=\"(max-width: 300px) 100vw, 300px\" \/><\/p>\n<p>Som medlem af Kolding Motion f\u00e5r du altid 20% rabat ved tilmelding til motionsl\u00f8b arrangeret i KriXrun-regi samt p\u00e5 webshoppen krixrun.dk p\u00e5 bl.a. Hoka l\u00f8besko, OMM og andet l\u00f8bet\u00f8j og -udstyr. Se rabatkoden i vores Facebookgruppe ved fx at s\u00f8ge p\u00e5 ordet \u201cKriXrun\u201d.[\/vc_column_text][\/vc_column][vc_column width=&#8221;1\/3&#8243;][\/vc_column][vc_column][\/vc_column][\/vc_row][vc_row][vc_column][vc_empty_space height=&#8221;100px&#8221;][\/vc_column][\/vc_row][vc_row][vc_column][vc_column_text]<img decoding=\"async\" src=\"https:\/\/cdn.shopify.com\/s\/files\/1\/0036\/8807\/1266\/files\/loebexperten_udenbagrund2_300x300.png?v=1613529679\" alt=\"Logo af L\u00f8bexperten, en L\u00f8bebutik i Odense som udf\u00f8rer l\u00f8betest\" \/><\/p>\n<p>&nbsp;<\/p>\n<p>L\u00f8bexperten i Odense tilbyder 20% rabat p\u00e5 alt l\u00f8beudstyr, dog ikke elektronik og behandlinger.[\/vc_column_text][vc_empty_space height=&#8221;100px&#8221;][vc_column_text]<img decoding=\"async\" src=\"https:\/\/www.dahlsgravering.dk\/themes\/dahl\/assets\/img\/logo.svg\" alt=\"Dahls Gravering\" \/><\/p>\n<p>&nbsp;<\/p>\n<p>BeSafe er et smart armb\u00e5nd der kan bruges af dig der dyrker sport og \u00f8nsker at f\u00f8le dig sikker, dig der \u00f8nsker at modtage hj\u00e6lp ved kritisk sygdom eller til den demente der kan have brug for at komme hjem. BeSafe er et veldesignet armb\u00e5nd i silikone og med metalplade, hvor der er plads til at skrive personlige oplysninger. Armb\u00e5ndet kan tilpasses til netop din arm, og der er plads til indgravering p\u00e5 5 linjer med 14 tegn p\u00e5 hver linje.<\/p>\n<p>Kolding Motion har lavet en aftale med Dahls Gravering om 15% rabat p\u00e5 k\u00f8b og inkl. gratis gravering. Rabatkoden er\u00a0<strong>KoldingMotion24,\u00a0<\/strong>som indtastes ved bestilling p\u00e5 <a href=\"https:\/\/www.dahlsgravering.dk\/\">Dahls hjemmeside<\/a>.<\/p>\n<p><img loading=\"lazy\" decoding=\"async\" class=\"\" src=\"https:\/\/www.dahlsgravering.dk\/1840-large_default\/besafe-id-gra.jpg\" alt=\"BeSafe ID armb\u00e5nd Gr\u00e5\" width=\"377\" height=\"377\" \/>[\/vc_column_text][\/vc_column][\/vc_row]<\/p>\n","protected":false},"excerpt":{"rendered":"<p>[vc_row full_width=&#8221;stretch_row&#8221; inverse=&#8221;&#8221; css=&#8221;.vc_custom_1572299279780{background-color: #ffffff !important;}&#8221;][vc_column width=&#8221;5\/6&#8243;][vc_empty_space height=&#8221;25px&#8221;][vc_column_text] Kolding Motions medlemmer kan\u00a0 opn\u00e5 15% rabat p\u00e5 aktuelle priser i vores butik i Vejle. Rabatten g\u00e6lder ogs\u00e5 online. Skriv #kolmotion i [&hellip;]<\/p>\n","protected":false},"author":1,"featured_media":0,"parent":6563,"menu_order":3,"comment_status":"closed","ping_status":"closed","template":"","meta":{"footnotes":""},"class_list":["post-6575","page","type-page","status-publish","hentry"],"_links":{"self":[{"href":"https:\/\/koldingmotion.dk\/index.php\/wp-json\/wp\/v2\/pages\/6575"}],"collection":[{"href":"https:\/\/koldingmotion.dk\/index.php\/wp-json\/wp\/v2\/pages"}],"about":[{"href":"https:\/\/koldingmotion.dk\/index.php\/wp-json\/wp\/v2\/types\/page"}],"author":[{"embeddable":true,"href":"https:\/\/koldingmotion.dk\/index.php\/wp-json\/wp\/v2\/users\/1"}],"replies":[{"embeddable":true,"href":"https:\/\/koldingmotion.dk\/index.php\/wp-json\/wp\/v2\/comments?post=6575"}],"version-history":[{"count":27,"href":"https:\/\/koldingmotion.dk\/index.php\/wp-json\/wp\/v2\/pages\/6575\/revisions"}],"predecessor-version":[{"id":12935,"href":"https:\/\/koldingmotion.dk\/index.php\/wp-json\/wp\/v2\/pages\/6575\/revisions\/12935"}],"up":[{"embeddable":true,"href":"https:\/\/koldingmotion.dk\/index.php\/wp-json\/wp\/v2\/pages\/6563"}],"wp:attachment":[{"href":"https:\/\/koldingmotion.dk\/index.php\/wp-json\/wp\/v2\/media?parent=6575"}],"curies":[{"name":"wp","href":"https:\/\/api.w.org\/{rel}","templated":true}]}}