{"id":6619,"date":"2020-08-20T16:47:19","date_gmt":"2020-08-20T14:47:19","guid":{"rendered":"https:\/\/koldingmotion.robbert.dk\/?page_id=6619"},"modified":"2022-03-15T21:13:20","modified_gmt":"2022-03-15T20:13:20","slug":"ruter-fra-20-til-25-km","status":"publish","type":"page","link":"https:\/\/koldingmotion.dk\/index.php\/traening\/ruter-fra-20-til-25-km\/","title":{"rendered":"Ruter 20 til 25 km."},"content":{"rendered":"<p>[vc_row][vc_column][vc_column_text]Kort i PDF-format med motionsruter i Kolding og omegn fra B\u00f8gelund. Alle kort er GPS opm\u00e5lt.<\/p>\n<p>Har du en god rute i Sporttracks eller andre programmer med GPX format, s\u00e5 send den gerne til os. \u00c5bn ruten i dit program, eksporter den i GPX format og mail denne fil til\u00a0<span id=\"cloake6be84553e62145d3ddb7ea381d98a3c\"><a href=\"mailto:ruter@koldingmotion.dk\">ruter@koldingmotion.dk<\/a><\/span>[\/vc_column_text][\/vc_column][\/vc_row][vc_row][vc_column][vc_empty_space height=&#8221;70&#8243;][vc_column_text]Her finder du en vejledning til, hvordan du uploader GPX-filer til dit Garmin l\u00f8beur:<\/p>\n<p><a href=\"https:\/\/server.moesborg.dk\/~koldingmotion\/wp-content\/uploads\/2022\/03\/Saadan-overfoerer-du-GPX.pdf\" target=\"_blank\" rel=\"noopener\">S\u00e5dan g\u00f8r du<\/a>[\/vc_column_text][vc_empty_space height=&#8221;70&#8243;][\/vc_column][\/vc_row][vc_row][vc_column]<div class=\"sc_table\" style=\"width:100%;\"><\/p>\n<table width=\"876\">\n<tbody>\n<tr>\n<td><strong>L\u00e6ngde:<\/strong><\/td>\n<td><strong>Rute nr.<\/strong><\/td>\n<td><strong>Rutenavn:<\/strong><\/td>\n<td><strong>Stigning:<\/strong><\/td>\n<td><strong>GPX:<\/strong><\/td>\n<\/tr>\n<tr>\n<td><a href=\"https:\/\/server.moesborg.dk\/~koldingmotion\/wp-content\/uploads\/2020\/10\/20-01_Agtrup-Bjert.pdf\">20,8 km<\/a><\/td>\n<td>20-01<\/td>\n<td>Agtrup \u2013 Bjert<\/td>\n<td>108 m<\/td>\n<td><a href=\"https:\/\/server.moesborg.dk\/~koldingmotion\/wp-content\/uploads\/2022\/01\/20-01_Agtrup-Bjert.gpx\" target=\"_blank\" rel=\"noopener\"><img loading=\"lazy\" decoding=\"async\" class=\"alignleft wp-image-9344\" src=\"https:\/\/server.moesborg.dk\/~koldingmotion\/wp-content\/uploads\/2022\/01\/gpx-300x300.png\" alt=\"\" width=\"24\" height=\"24\" srcset=\"https:\/\/koldingmotion.dk\/wp-content\/uploads\/2022\/01\/gpx-300x300.png 300w, https:\/\/koldingmotion.dk\/wp-content\/uploads\/2022\/01\/gpx-150x150.png 150w, https:\/\/koldingmotion.dk\/wp-content\/uploads\/2022\/01\/gpx.png 512w\" sizes=\"(max-width: 24px) 100vw, 24px\" \/><\/a><\/td>\n<\/tr>\n<tr>\n<td><a href=\"https:\/\/server.moesborg.dk\/~koldingmotion\/wp-content\/uploads\/2020\/11\/20-02_Stallerup_Soe.pdf\">20,0 km<\/a><\/td>\n<td>20-02<\/td>\n<td>Stallerup S\u00f8<\/td>\n<td>182 m<\/td>\n<td><a href=\"https:\/\/server.moesborg.dk\/~koldingmotion\/wp-content\/uploads\/2022\/01\/20-02_Stallerup_Soe.gpx\" target=\"_blank\" rel=\"noopener\"><img loading=\"lazy\" decoding=\"async\" class=\"alignleft wp-image-9344\" src=\"https:\/\/server.moesborg.dk\/~koldingmotion\/wp-content\/uploads\/2022\/01\/gpx-300x300.png\" alt=\"\" width=\"24\" height=\"24\" srcset=\"https:\/\/koldingmotion.dk\/wp-content\/uploads\/2022\/01\/gpx-300x300.png 300w, https:\/\/koldingmotion.dk\/wp-content\/uploads\/2022\/01\/gpx-150x150.png 150w, https:\/\/koldingmotion.dk\/wp-content\/uploads\/2022\/01\/gpx.png 512w\" sizes=\"(max-width: 24px) 100vw, 24px\" \/><\/a><\/td>\n<\/tr>\n<tr>\n<td><a href=\"https:\/\/server.moesborg.dk\/~koldingmotion\/wp-content\/uploads\/2021\/10\/20-03_HouensOdde_new.pdf\" target=\"_blank\" rel=\"noopener\">20,7 km (16 \/ 10,5 km)<\/a><\/td>\n<td>20-03<\/td>\n<td>Houens Odde<\/td>\n<td>165 m<\/td>\n<td><a href=\"https:\/\/server.moesborg.dk\/~koldingmotion\/wp-content\/uploads\/2022\/01\/20-03_HouensOdde.gpx\" target=\"_blank\" rel=\"noopener\"><img loading=\"lazy\" decoding=\"async\" class=\"alignleft wp-image-9344\" src=\"https:\/\/server.moesborg.dk\/~koldingmotion\/wp-content\/uploads\/2022\/01\/gpx-300x300.png\" alt=\"\" width=\"24\" height=\"24\" srcset=\"https:\/\/koldingmotion.dk\/wp-content\/uploads\/2022\/01\/gpx-300x300.png 300w, https:\/\/koldingmotion.dk\/wp-content\/uploads\/2022\/01\/gpx-150x150.png 150w, https:\/\/koldingmotion.dk\/wp-content\/uploads\/2022\/01\/gpx.png 512w\" sizes=\"(max-width: 24px) 100vw, 24px\" \/><\/a><\/td>\n<\/tr>\n<tr>\n<td><a href=\"https:\/\/server.moesborg.dk\/~koldingmotion\/wp-content\/uploads\/2020\/11\/20-04_Djaevlekloeften_-_Seest.pdf\">22,3 km<\/a><\/td>\n<td>20-04<\/td>\n<td>Dj\u00e6vlekl\u00f8ften<\/td>\n<td>195 m<\/td>\n<td><a href=\"https:\/\/server.moesborg.dk\/~koldingmotion\/wp-content\/uploads\/2022\/01\/20-04_Djaevlekloeften-Seest.gpx\" target=\"_blank\" rel=\"noopener\"><img loading=\"lazy\" decoding=\"async\" class=\"alignleft wp-image-9344\" src=\"https:\/\/server.moesborg.dk\/~koldingmotion\/wp-content\/uploads\/2022\/01\/gpx-300x300.png\" alt=\"\" width=\"24\" height=\"24\" srcset=\"https:\/\/koldingmotion.dk\/wp-content\/uploads\/2022\/01\/gpx-300x300.png 300w, https:\/\/koldingmotion.dk\/wp-content\/uploads\/2022\/01\/gpx-150x150.png 150w, https:\/\/koldingmotion.dk\/wp-content\/uploads\/2022\/01\/gpx.png 512w\" sizes=\"(max-width: 24px) 100vw, 24px\" \/><\/a><\/td>\n<\/tr>\n<tr>\n<td><a href=\"https:\/\/server.moesborg.dk\/~koldingmotion\/wp-content\/uploads\/2021\/10\/20-05_Ejstrup_new.pdf\" target=\"_blank\" rel=\"noopener\">21,9 km (17,5 \/ 14km)<\/a><\/td>\n<td>20-05<\/td>\n<td>Ejstrup<\/td>\n<td>230 m<\/td>\n<td><a href=\"https:\/\/server.moesborg.dk\/~koldingmotion\/wp-content\/uploads\/2022\/01\/20-05_Ejstrup.gpx\" target=\"_blank\" rel=\"noopener\"><img loading=\"lazy\" decoding=\"async\" class=\"alignleft wp-image-9344\" src=\"https:\/\/server.moesborg.dk\/~koldingmotion\/wp-content\/uploads\/2022\/01\/gpx-300x300.png\" alt=\"\" width=\"24\" height=\"24\" srcset=\"https:\/\/koldingmotion.dk\/wp-content\/uploads\/2022\/01\/gpx-300x300.png 300w, https:\/\/koldingmotion.dk\/wp-content\/uploads\/2022\/01\/gpx-150x150.png 150w, https:\/\/koldingmotion.dk\/wp-content\/uploads\/2022\/01\/gpx.png 512w\" sizes=\"(max-width: 24px) 100vw, 24px\" \/><\/a><\/td>\n<\/tr>\n<tr>\n<td><a href=\"https:\/\/server.moesborg.dk\/~koldingmotion\/wp-content\/uploads\/2020\/11\/20-06_Vranderup.pdf\">24,0 km<\/a><\/td>\n<td>20-06<\/td>\n<td>Vranderup<\/td>\n<td>316 m<\/td>\n<td><a href=\"https:\/\/server.moesborg.dk\/~koldingmotion\/wp-content\/uploads\/2022\/01\/20-06_Vranderup.gpx\" target=\"_blank\" rel=\"noopener\"><img loading=\"lazy\" decoding=\"async\" class=\"alignleft wp-image-9344\" src=\"https:\/\/server.moesborg.dk\/~koldingmotion\/wp-content\/uploads\/2022\/01\/gpx-300x300.png\" alt=\"\" width=\"24\" height=\"24\" srcset=\"https:\/\/koldingmotion.dk\/wp-content\/uploads\/2022\/01\/gpx-300x300.png 300w, https:\/\/koldingmotion.dk\/wp-content\/uploads\/2022\/01\/gpx-150x150.png 150w, https:\/\/koldingmotion.dk\/wp-content\/uploads\/2022\/01\/gpx.png 512w\" sizes=\"(max-width: 24px) 100vw, 24px\" \/><\/a><\/td>\n<\/tr>\n<tr>\n<td><a href=\"https:\/\/server.moesborg.dk\/~koldingmotion\/wp-content\/uploads\/2020\/10\/20-07_Viuf.pdf\">24,7 km<\/a><\/td>\n<td>20-07<\/td>\n<td>Viuf<\/td>\n<td>188 m<\/td>\n<td><a href=\"https:\/\/server.moesborg.dk\/~koldingmotion\/wp-content\/uploads\/2022\/01\/20-07_Viuf.gpx\" target=\"_blank\" rel=\"noopener\"><img loading=\"lazy\" decoding=\"async\" class=\"alignleft wp-image-9344\" src=\"https:\/\/server.moesborg.dk\/~koldingmotion\/wp-content\/uploads\/2022\/01\/gpx-300x300.png\" alt=\"\" width=\"24\" height=\"24\" srcset=\"https:\/\/koldingmotion.dk\/wp-content\/uploads\/2022\/01\/gpx-300x300.png 300w, https:\/\/koldingmotion.dk\/wp-content\/uploads\/2022\/01\/gpx-150x150.png 150w, https:\/\/koldingmotion.dk\/wp-content\/uploads\/2022\/01\/gpx.png 512w\" sizes=\"(max-width: 24px) 100vw, 24px\" \/><\/a><\/td>\n<\/tr>\n<tr>\n<td><a href=\"https:\/\/server.moesborg.dk\/~koldingmotion\/wp-content\/uploads\/2021\/10\/20-08_Donssoeerne_new.pdf\" target=\"_blank\" rel=\"noopener\">21,9 km (13,2 \/ 12,8 km)<\/a><\/td>\n<td>20-08<\/td>\n<td>Donss\u00f8erne<\/td>\n<td>238 m<\/td>\n<td><a href=\"https:\/\/server.moesborg.dk\/~koldingmotion\/wp-content\/uploads\/2022\/01\/20-08_Donssoeerne.gpx\" target=\"_blank\" rel=\"noopener\"><img loading=\"lazy\" decoding=\"async\" class=\"alignleft wp-image-9344\" src=\"https:\/\/server.moesborg.dk\/~koldingmotion\/wp-content\/uploads\/2022\/01\/gpx-300x300.png\" alt=\"\" width=\"24\" height=\"24\" srcset=\"https:\/\/koldingmotion.dk\/wp-content\/uploads\/2022\/01\/gpx-300x300.png 300w, https:\/\/koldingmotion.dk\/wp-content\/uploads\/2022\/01\/gpx-150x150.png 150w, https:\/\/koldingmotion.dk\/wp-content\/uploads\/2022\/01\/gpx.png 512w\" sizes=\"(max-width: 24px) 100vw, 24px\" \/><\/a><\/td>\n<\/tr>\n<tr>\n<td><a href=\"https:\/\/server.moesborg.dk\/~koldingmotion\/wp-content\/uploads\/2020\/10\/20-09_Tandholt.pdf\">21,5 km<\/a><\/td>\n<td>20-09<\/td>\n<td>Tandholt<\/td>\n<td>228 m<\/td>\n<td><a href=\"https:\/\/server.moesborg.dk\/~koldingmotion\/wp-content\/uploads\/2022\/01\/20-09_Tandholt.gpx\" target=\"_blank\" rel=\"noopener\"><img loading=\"lazy\" decoding=\"async\" class=\"alignleft wp-image-9344\" src=\"https:\/\/server.moesborg.dk\/~koldingmotion\/wp-content\/uploads\/2022\/01\/gpx-300x300.png\" alt=\"\" width=\"24\" height=\"24\" srcset=\"https:\/\/koldingmotion.dk\/wp-content\/uploads\/2022\/01\/gpx-300x300.png 300w, https:\/\/koldingmotion.dk\/wp-content\/uploads\/2022\/01\/gpx-150x150.png 150w, https:\/\/koldingmotion.dk\/wp-content\/uploads\/2022\/01\/gpx.png 512w\" sizes=\"(max-width: 24px) 100vw, 24px\" \/><\/a><\/td>\n<\/tr>\n<tr>\n<td><a href=\"https:\/\/server.moesborg.dk\/~koldingmotion\/wp-content\/uploads\/2021\/10\/20-10_Agtrup_Dalby_new.pdf\" target=\"_blank\" rel=\"noopener\">23,5 km (17 \/ 12,8 km)<\/a><\/td>\n<td>20-10<\/td>\n<td>Agtrup \u2013 Dalby<\/td>\n<td>175 m<\/td>\n<td><a href=\"https:\/\/server.moesborg.dk\/~koldingmotion\/wp-content\/uploads\/2022\/01\/20-10_Agtrup_Dalby.gpx\" target=\"_blank\" rel=\"noopener\"><img loading=\"lazy\" decoding=\"async\" class=\"alignleft wp-image-9344\" src=\"https:\/\/server.moesborg.dk\/~koldingmotion\/wp-content\/uploads\/2022\/01\/gpx-300x300.png\" alt=\"\" width=\"24\" height=\"24\" srcset=\"https:\/\/koldingmotion.dk\/wp-content\/uploads\/2022\/01\/gpx-300x300.png 300w, https:\/\/koldingmotion.dk\/wp-content\/uploads\/2022\/01\/gpx-150x150.png 150w, https:\/\/koldingmotion.dk\/wp-content\/uploads\/2022\/01\/gpx.png 512w\" sizes=\"(max-width: 24px) 100vw, 24px\" \/><\/a><\/td>\n<\/tr>\n<tr>\n<td><a href=\"https:\/\/server.moesborg.dk\/~koldingmotion\/wp-content\/uploads\/2020\/10\/20-11_Nr_Stenderup.pdf\">20,3 km<\/a><\/td>\n<td>20-11<\/td>\n<td>Nr. Stenderup<\/td>\n<td>251 m<\/td>\n<td><a href=\"https:\/\/server.moesborg.dk\/~koldingmotion\/wp-content\/uploads\/2022\/01\/20-11_Nr._Stenderup.gpx\" target=\"_blank\" rel=\"noopener\"><img loading=\"lazy\" decoding=\"async\" class=\"alignleft wp-image-9344\" src=\"https:\/\/server.moesborg.dk\/~koldingmotion\/wp-content\/uploads\/2022\/01\/gpx-300x300.png\" alt=\"\" width=\"24\" height=\"24\" srcset=\"https:\/\/koldingmotion.dk\/wp-content\/uploads\/2022\/01\/gpx-300x300.png 300w, https:\/\/koldingmotion.dk\/wp-content\/uploads\/2022\/01\/gpx-150x150.png 150w, https:\/\/koldingmotion.dk\/wp-content\/uploads\/2022\/01\/gpx.png 512w\" sizes=\"(max-width: 24px) 100vw, 24px\" \/><\/a><\/td>\n<\/tr>\n<tr>\n<td><a href=\"https:\/\/server.moesborg.dk\/~koldingmotion\/wp-content\/uploads\/2020\/10\/20-12-drejens.pdf\">20,5 km<\/a><\/td>\n<td>20-12<\/td>\n<td>Drejens<\/td>\n<td>241 m<\/td>\n<td><a href=\"https:\/\/server.moesborg.dk\/~koldingmotion\/wp-content\/uploads\/2022\/01\/20-12_Drejens.gpx\" target=\"_blank\" rel=\"noopener\"><img loading=\"lazy\" decoding=\"async\" class=\"alignleft wp-image-9344\" src=\"https:\/\/server.moesborg.dk\/~koldingmotion\/wp-content\/uploads\/2022\/01\/gpx-300x300.png\" alt=\"\" width=\"24\" height=\"24\" srcset=\"https:\/\/koldingmotion.dk\/wp-content\/uploads\/2022\/01\/gpx-300x300.png 300w, https:\/\/koldingmotion.dk\/wp-content\/uploads\/2022\/01\/gpx-150x150.png 150w, https:\/\/koldingmotion.dk\/wp-content\/uploads\/2022\/01\/gpx.png 512w\" sizes=\"(max-width: 24px) 100vw, 24px\" \/><\/a><\/td>\n<\/tr>\n<tr>\n<td><a href=\"https:\/\/server.moesborg.dk\/~koldingmotion\/wp-content\/uploads\/2020\/10\/20-13_sdr_stenderup.pdf\">24,5 km<\/a><\/td>\n<td>20-13<\/td>\n<td>Sdr. Stenderup<\/td>\n<td>219 m<\/td>\n<td><a href=\"https:\/\/server.moesborg.dk\/~koldingmotion\/wp-content\/uploads\/2022\/01\/20-13_Sdr._Stenderup.gpx\" target=\"_blank\" rel=\"noopener\"><img loading=\"lazy\" decoding=\"async\" class=\"alignleft wp-image-9344\" src=\"https:\/\/server.moesborg.dk\/~koldingmotion\/wp-content\/uploads\/2022\/01\/gpx-300x300.png\" alt=\"\" width=\"24\" height=\"24\" srcset=\"https:\/\/koldingmotion.dk\/wp-content\/uploads\/2022\/01\/gpx-300x300.png 300w, https:\/\/koldingmotion.dk\/wp-content\/uploads\/2022\/01\/gpx-150x150.png 150w, https:\/\/koldingmotion.dk\/wp-content\/uploads\/2022\/01\/gpx.png 512w\" sizes=\"(max-width: 24px) 100vw, 24px\" \/><\/a><\/td>\n<\/tr>\n<tr>\n<td><a href=\"https:\/\/server.moesborg.dk\/~koldingmotion\/wp-content\/uploads\/2021\/10\/20-14_Stubdrup_new.pdf\" target=\"_blank\" rel=\"noopener\">21,6 km (10,7 km)<\/a><\/td>\n<td>20-14<\/td>\n<td>Stubdrup<\/td>\n<td>206 m<\/td>\n<td><a href=\"https:\/\/server.moesborg.dk\/~koldingmotion\/wp-content\/uploads\/2022\/01\/20-14-Stubdrup.gpx\" target=\"_blank\" rel=\"noopener\"><img loading=\"lazy\" decoding=\"async\" class=\"alignleft wp-image-9344\" src=\"https:\/\/server.moesborg.dk\/~koldingmotion\/wp-content\/uploads\/2022\/01\/gpx-300x300.png\" alt=\"\" width=\"24\" height=\"24\" srcset=\"https:\/\/koldingmotion.dk\/wp-content\/uploads\/2022\/01\/gpx-300x300.png 300w, https:\/\/koldingmotion.dk\/wp-content\/uploads\/2022\/01\/gpx-150x150.png 150w, https:\/\/koldingmotion.dk\/wp-content\/uploads\/2022\/01\/gpx.png 512w\" sizes=\"(max-width: 24px) 100vw, 24px\" \/><\/a><\/td>\n<\/tr>\n<tr>\n<td><a href=\"https:\/\/server.moesborg.dk\/~koldingmotion\/wp-content\/uploads\/2020\/10\/20-15_almind.pdf\">20,8 km<\/a><\/td>\n<td>20-15<\/td>\n<td>Almind<\/td>\n<td>164 m<\/td>\n<td><a href=\"https:\/\/server.moesborg.dk\/~koldingmotion\/wp-content\/uploads\/2022\/01\/20-15_Almind.gpx\" target=\"_blank\" rel=\"noopener\"><img loading=\"lazy\" decoding=\"async\" class=\"alignleft wp-image-9344\" src=\"https:\/\/server.moesborg.dk\/~koldingmotion\/wp-content\/uploads\/2022\/01\/gpx-300x300.png\" alt=\"\" width=\"24\" height=\"24\" srcset=\"https:\/\/koldingmotion.dk\/wp-content\/uploads\/2022\/01\/gpx-300x300.png 300w, https:\/\/koldingmotion.dk\/wp-content\/uploads\/2022\/01\/gpx-150x150.png 150w, https:\/\/koldingmotion.dk\/wp-content\/uploads\/2022\/01\/gpx.png 512w\" sizes=\"(max-width: 24px) 100vw, 24px\" \/><\/a><\/td>\n<\/tr>\n<tr>\n<td><a href=\"https:\/\/server.moesborg.dk\/~koldingmotion\/wp-content\/uploads\/2020\/10\/20-16_Almind.pdf\">21,2 km<\/a><\/td>\n<td>20-16<\/td>\n<td>Almind<\/td>\n<td>164 m<\/td>\n<td><a href=\"https:\/\/server.moesborg.dk\/~koldingmotion\/wp-content\/uploads\/2022\/01\/20-16_Almind.gpx\" target=\"_blank\" rel=\"noopener\"><img loading=\"lazy\" decoding=\"async\" class=\"alignleft wp-image-9344\" src=\"https:\/\/server.moesborg.dk\/~koldingmotion\/wp-content\/uploads\/2022\/01\/gpx-300x300.png\" alt=\"\" width=\"24\" height=\"24\" srcset=\"https:\/\/koldingmotion.dk\/wp-content\/uploads\/2022\/01\/gpx-300x300.png 300w, https:\/\/koldingmotion.dk\/wp-content\/uploads\/2022\/01\/gpx-150x150.png 150w, https:\/\/koldingmotion.dk\/wp-content\/uploads\/2022\/01\/gpx.png 512w\" sizes=\"(max-width: 24px) 100vw, 24px\" \/><\/a><\/td>\n<\/tr>\n<tr>\n<td><a href=\"https:\/\/server.moesborg.dk\/~koldingmotion\/wp-content\/uploads\/2021\/10\/20-17_Stubdrup-Harte_new.pdf\" target=\"_blank\" rel=\"noopener\">21,8 km (13,2 km)<\/a><\/td>\n<td>20-17<\/td>\n<td>Stubdrup \u2013 Harte<\/td>\n<td>240 m<\/td>\n<td><a href=\"https:\/\/server.moesborg.dk\/~koldingmotion\/wp-content\/uploads\/2022\/01\/20-17_Stubdrup_-_Harte.gpx\" target=\"_blank\" rel=\"noopener\"><img loading=\"lazy\" decoding=\"async\" class=\"alignleft wp-image-9344\" src=\"https:\/\/server.moesborg.dk\/~koldingmotion\/wp-content\/uploads\/2022\/01\/gpx-300x300.png\" alt=\"\" width=\"24\" height=\"24\" srcset=\"https:\/\/koldingmotion.dk\/wp-content\/uploads\/2022\/01\/gpx-300x300.png 300w, https:\/\/koldingmotion.dk\/wp-content\/uploads\/2022\/01\/gpx-150x150.png 150w, https:\/\/koldingmotion.dk\/wp-content\/uploads\/2022\/01\/gpx.png 512w\" sizes=\"(max-width: 24px) 100vw, 24px\" \/><\/a><\/td>\n<\/tr>\n<tr>\n<td><a href=\"https:\/\/server.moesborg.dk\/~koldingmotion\/wp-content\/uploads\/2020\/10\/20-18_Fjorddalen_-_Bramdrupdam.pdf\">21,6 km<\/a><\/td>\n<td>20-18<\/td>\n<td>Fjorddalen \u2013 Bramdrupdam<\/td>\n<td>255 m<\/td>\n<td><a href=\"https:\/\/server.moesborg.dk\/~koldingmotion\/wp-content\/uploads\/2022\/01\/20-18_Fjorddalen-Bramdrupdam.gpx\" target=\"_blank\" rel=\"noopener\"><img loading=\"lazy\" decoding=\"async\" class=\"alignleft wp-image-9344\" src=\"https:\/\/server.moesborg.dk\/~koldingmotion\/wp-content\/uploads\/2022\/01\/gpx-300x300.png\" alt=\"\" width=\"24\" height=\"24\" srcset=\"https:\/\/koldingmotion.dk\/wp-content\/uploads\/2022\/01\/gpx-300x300.png 300w, https:\/\/koldingmotion.dk\/wp-content\/uploads\/2022\/01\/gpx-150x150.png 150w, https:\/\/koldingmotion.dk\/wp-content\/uploads\/2022\/01\/gpx.png 512w\" sizes=\"(max-width: 24px) 100vw, 24px\" \/><\/a><\/td>\n<\/tr>\n<tr>\n<td><a href=\"https:\/\/server.moesborg.dk\/~koldingmotion\/wp-content\/uploads\/2021\/10\/20-19_Plovfuren_Tandholt_new.pdf\" target=\"_blank\" rel=\"noopener\">23,6 km (18 15,7 km)<\/a><\/td>\n<td>20-19<\/td>\n<td>Plovfuren \u2013 Tandholt<\/td>\n<td>230 m<\/td>\n<td><a href=\"https:\/\/server.moesborg.dk\/~koldingmotion\/wp-content\/uploads\/2022\/01\/20-19_Plovfuren_Tandholt.gpx\" target=\"_blank\" rel=\"noopener\"><img loading=\"lazy\" decoding=\"async\" class=\"alignleft wp-image-9344\" src=\"https:\/\/server.moesborg.dk\/~koldingmotion\/wp-content\/uploads\/2022\/01\/gpx-300x300.png\" alt=\"\" width=\"24\" height=\"24\" srcset=\"https:\/\/koldingmotion.dk\/wp-content\/uploads\/2022\/01\/gpx-300x300.png 300w, https:\/\/koldingmotion.dk\/wp-content\/uploads\/2022\/01\/gpx-150x150.png 150w, https:\/\/koldingmotion.dk\/wp-content\/uploads\/2022\/01\/gpx.png 512w\" sizes=\"(max-width: 24px) 100vw, 24px\" \/><\/a><\/td>\n<\/tr>\n<tr>\n<td><a href=\"https:\/\/server.moesborg.dk\/~koldingmotion\/wp-content\/uploads\/2021\/10\/20-20_Soldaterbroen_new.pdf\" target=\"_blank\" rel=\"noopener\">21,7 km<\/a><\/td>\n<td>20-20<\/td>\n<td>Soldaterbroen<\/td>\n<td>225 m<\/td>\n<td><a href=\"https:\/\/server.moesborg.dk\/~koldingmotion\/wp-content\/uploads\/2022\/01\/20-20_Soldaterbroen.gpx\" target=\"_blank\" rel=\"noopener\"><img loading=\"lazy\" decoding=\"async\" class=\"alignleft wp-image-9344\" src=\"https:\/\/server.moesborg.dk\/~koldingmotion\/wp-content\/uploads\/2022\/01\/gpx-300x300.png\" alt=\"\" width=\"24\" height=\"24\" srcset=\"https:\/\/koldingmotion.dk\/wp-content\/uploads\/2022\/01\/gpx-300x300.png 300w, https:\/\/koldingmotion.dk\/wp-content\/uploads\/2022\/01\/gpx-150x150.png 150w, https:\/\/koldingmotion.dk\/wp-content\/uploads\/2022\/01\/gpx.png 512w\" sizes=\"(max-width: 24px) 100vw, 24px\" \/><\/a><\/td>\n<\/tr>\n<tr>\n<td><a href=\"https:\/\/server.moesborg.dk\/~koldingmotion\/wp-content\/uploads\/2020\/10\/20-21-Venusvej-Nrbjert.pdf\">22,9 km<\/a><\/td>\n<td>20-21<\/td>\n<td>Venusvej- Nr. Bjert<\/td>\n<td>325 m<\/td>\n<td><a href=\"https:\/\/server.moesborg.dk\/~koldingmotion\/wp-content\/uploads\/2022\/01\/20-21_Venusvej_-_Nr._Bjert.gpx\" target=\"_blank\" rel=\"noopener\"><img loading=\"lazy\" decoding=\"async\" class=\"alignleft wp-image-9344\" src=\"https:\/\/server.moesborg.dk\/~koldingmotion\/wp-content\/uploads\/2022\/01\/gpx-300x300.png\" alt=\"\" width=\"24\" height=\"24\" srcset=\"https:\/\/koldingmotion.dk\/wp-content\/uploads\/2022\/01\/gpx-300x300.png 300w, https:\/\/koldingmotion.dk\/wp-content\/uploads\/2022\/01\/gpx-150x150.png 150w, https:\/\/koldingmotion.dk\/wp-content\/uploads\/2022\/01\/gpx.png 512w\" sizes=\"(max-width: 24px) 100vw, 24px\" \/><\/a><\/td>\n<\/tr>\n<\/tbody>\n<\/table>\n<p><\/div>[\/vc_column][\/vc_row]<\/p>\n","protected":false},"excerpt":{"rendered":"<p>[vc_row][vc_column][vc_column_text]Kort i PDF-format med motionsruter i Kolding og omegn fra B\u00f8gelund. Alle kort er GPS opm\u00e5lt. Har du en god rute i Sporttracks eller andre programmer med GPX format, s\u00e5 [&hellip;]<\/p>\n","protected":false},"author":1,"featured_media":0,"parent":6331,"menu_order":10,"comment_status":"closed","ping_status":"closed","template":"","meta":{"footnotes":""},"class_list":["post-6619","page","type-page","status-publish","hentry"],"_links":{"self":[{"href":"https:\/\/koldingmotion.dk\/index.php\/wp-json\/wp\/v2\/pages\/6619"}],"collection":[{"href":"https:\/\/koldingmotion.dk\/index.php\/wp-json\/wp\/v2\/pages"}],"about":[{"href":"https:\/\/koldingmotion.dk\/index.php\/wp-json\/wp\/v2\/types\/page"}],"author":[{"embeddable":true,"href":"https:\/\/koldingmotion.dk\/index.php\/wp-json\/wp\/v2\/users\/1"}],"replies":[{"embeddable":true,"href":"https:\/\/koldingmotion.dk\/index.php\/wp-json\/wp\/v2\/comments?post=6619"}],"version-history":[{"count":14,"href":"https:\/\/koldingmotion.dk\/index.php\/wp-json\/wp\/v2\/pages\/6619\/revisions"}],"predecessor-version":[{"id":9619,"href":"https:\/\/koldingmotion.dk\/index.php\/wp-json\/wp\/v2\/pages\/6619\/revisions\/9619"}],"up":[{"embeddable":true,"href":"https:\/\/koldingmotion.dk\/index.php\/wp-json\/wp\/v2\/pages\/6331"}],"wp:attachment":[{"href":"https:\/\/koldingmotion.dk\/index.php\/wp-json\/wp\/v2\/media?parent=6619"}],"curies":[{"name":"wp","href":"https:\/\/api.w.org\/{rel}","templated":true}]}}