{"id":6622,"date":"2020-08-20T16:49:44","date_gmt":"2020-08-20T14:49:44","guid":{"rendered":"https:\/\/koldingmotion.robbert.dk\/?page_id=6622"},"modified":"2022-03-15T21:14:23","modified_gmt":"2022-03-15T20:14:23","slug":"ruter-fra-25-til-30-km","status":"publish","type":"page","link":"https:\/\/koldingmotion.dk\/index.php\/traening\/ruter-fra-25-til-30-km\/","title":{"rendered":"Ruter 25 til 30 km."},"content":{"rendered":"<p>[vc_row][vc_column][vc_column_text]Kort i PDF-format med motionsruter i Kolding og omegn fra B\u00f8gelund. Alle kort er GPS opm\u00e5lt.<\/p>\n<p>Har du en god rute i Sporttracks eller andre programmer med GPX format, s\u00e5 send den gerne til os. \u00c5bn ruten i dit program, eksporter den i GPX format og mail denne fil til\u00a0<span id=\"cloake6be84553e62145d3ddb7ea381d98a3c\"><a href=\"mailto:ruter@koldingmotion.dk\">ruter@koldingmotion.dk<\/a><\/span>[\/vc_column_text][\/vc_column][\/vc_row][vc_row][vc_column][vc_empty_space height=&#8221;70&#8243;][vc_column_text]Her finder du en vejledning til, hvordan du uploader GPX-filer til dit Garmin l\u00f8beur:<\/p>\n<p><a href=\"https:\/\/server.moesborg.dk\/~koldingmotion\/wp-content\/uploads\/2022\/03\/Saadan-overfoerer-du-GPX.pdf\" target=\"_blank\" rel=\"noopener\">S\u00e5dan g\u00f8r du<\/a>[\/vc_column_text][vc_empty_space height=&#8221;70&#8243;][\/vc_column][\/vc_row][vc_row][vc_column]<div class=\"sc_table\" style=\"width:100%;\"><\/p>\n<table width=\"1027\">\n<tbody>\n<tr>\n<td><strong>L\u00e6ngde:<\/strong><\/td>\n<td><strong>Rute nr.<\/strong><\/td>\n<td><strong>Rutenavn:<\/strong><\/td>\n<td><strong>Stigning:<\/strong><\/td>\n<td><strong>GPX:<\/strong><\/td>\n<\/tr>\n<tr>\n<td><a href=\"https:\/\/server.moesborg.dk\/~koldingmotion\/wp-content\/uploads\/2020\/11\/25-01_Binderup_Vesterskov.pdf\">29,0 km<\/a><\/td>\n<td>25-01<\/td>\n<td>Binderup Vesterskov<\/td>\n<td>247 m<\/td>\n<td><a href=\"https:\/\/server.moesborg.dk\/~koldingmotion\/wp-content\/uploads\/2022\/01\/25-01_Binderup_Vesterskov.gpx\" target=\"_blank\" rel=\"noopener\"><img loading=\"lazy\" decoding=\"async\" class=\"alignleft wp-image-9344\" src=\"https:\/\/server.moesborg.dk\/~koldingmotion\/wp-content\/uploads\/2022\/01\/gpx-300x300.png\" alt=\"\" width=\"24\" height=\"24\" srcset=\"https:\/\/koldingmotion.dk\/wp-content\/uploads\/2022\/01\/gpx-300x300.png 300w, https:\/\/koldingmotion.dk\/wp-content\/uploads\/2022\/01\/gpx-150x150.png 150w, https:\/\/koldingmotion.dk\/wp-content\/uploads\/2022\/01\/gpx.png 512w\" sizes=\"(max-width: 24px) 100vw, 24px\" \/><\/a><\/td>\n<\/tr>\n<tr>\n<td><a href=\"https:\/\/server.moesborg.dk\/~koldingmotion\/wp-content\/uploads\/2021\/10\/25-02_Vraa_new.pdf\">28,5 km (13 km)<\/a><\/td>\n<td>25-02<\/td>\n<td>Vr\u00e5<\/td>\n<td>187 m<\/td>\n<td><a href=\"https:\/\/server.moesborg.dk\/~koldingmotion\/wp-content\/uploads\/2022\/01\/25-02_Vraa.gpx\" target=\"_blank\" rel=\"noopener\"><img loading=\"lazy\" decoding=\"async\" class=\"alignleft wp-image-9344\" src=\"https:\/\/server.moesborg.dk\/~koldingmotion\/wp-content\/uploads\/2022\/01\/gpx-300x300.png\" alt=\"\" width=\"24\" height=\"24\" srcset=\"https:\/\/koldingmotion.dk\/wp-content\/uploads\/2022\/01\/gpx-300x300.png 300w, https:\/\/koldingmotion.dk\/wp-content\/uploads\/2022\/01\/gpx-150x150.png 150w, https:\/\/koldingmotion.dk\/wp-content\/uploads\/2022\/01\/gpx.png 512w\" sizes=\"(max-width: 24px) 100vw, 24px\" \/><\/a><\/td>\n<\/tr>\n<tr>\n<td><a href=\"https:\/\/server.moesborg.dk\/~koldingmotion\/wp-content\/uploads\/2020\/11\/25-03_Moshuse.pdf\">36,2 km<\/a><\/td>\n<td>25-03<\/td>\n<td>Moshuse<\/td>\n<td>291 m<\/td>\n<td><a href=\"https:\/\/server.moesborg.dk\/~koldingmotion\/wp-content\/uploads\/2022\/01\/25-03_Moshuse.gpx\" target=\"_blank\" rel=\"noopener\"><img loading=\"lazy\" decoding=\"async\" class=\"alignleft wp-image-9344\" src=\"https:\/\/server.moesborg.dk\/~koldingmotion\/wp-content\/uploads\/2022\/01\/gpx-300x300.png\" alt=\"\" width=\"24\" height=\"24\" srcset=\"https:\/\/koldingmotion.dk\/wp-content\/uploads\/2022\/01\/gpx-300x300.png 300w, https:\/\/koldingmotion.dk\/wp-content\/uploads\/2022\/01\/gpx-150x150.png 150w, https:\/\/koldingmotion.dk\/wp-content\/uploads\/2022\/01\/gpx.png 512w\" sizes=\"(max-width: 24px) 100vw, 24px\" \/><\/a><\/td>\n<\/tr>\n<tr>\n<td><a href=\"https:\/\/server.moesborg.dk\/~koldingmotion\/wp-content\/uploads\/2020\/10\/25-04_Paaby_-_Stenvad.pdf\">25,5 km<\/a><\/td>\n<td>25-04<\/td>\n<td>P\u00e5by \u2013 Stenvad<\/td>\n<td>356 m<\/td>\n<td><a href=\"https:\/\/server.moesborg.dk\/~koldingmotion\/wp-content\/uploads\/2022\/01\/25-04_Paaby-Stenvad.gpx\" target=\"_blank\" rel=\"noopener\"><img loading=\"lazy\" decoding=\"async\" class=\"alignleft wp-image-9344\" src=\"https:\/\/server.moesborg.dk\/~koldingmotion\/wp-content\/uploads\/2022\/01\/gpx-300x300.png\" alt=\"\" width=\"24\" height=\"24\" srcset=\"https:\/\/koldingmotion.dk\/wp-content\/uploads\/2022\/01\/gpx-300x300.png 300w, https:\/\/koldingmotion.dk\/wp-content\/uploads\/2022\/01\/gpx-150x150.png 150w, https:\/\/koldingmotion.dk\/wp-content\/uploads\/2022\/01\/gpx.png 512w\" sizes=\"(max-width: 24px) 100vw, 24px\" \/><\/a><\/td>\n<\/tr>\n<tr>\n<td><a href=\"https:\/\/server.moesborg.dk\/~koldingmotion\/wp-content\/uploads\/2020\/11\/25-05_Viuf_-_Dons_Moelle.pdf\">32,6 km<\/a><\/td>\n<td>25-05<\/td>\n<td>Viuf \u2013 Dons M\u00f8lle<\/td>\n<td>235 m<\/td>\n<td><a href=\"https:\/\/server.moesborg.dk\/~koldingmotion\/wp-content\/uploads\/2022\/01\/25-05_Viuf_Dons_Moelle.gpx\"><img loading=\"lazy\" decoding=\"async\" class=\"alignleft wp-image-9344\" src=\"https:\/\/server.moesborg.dk\/~koldingmotion\/wp-content\/uploads\/2022\/01\/gpx-300x300.png\" alt=\"\" width=\"24\" height=\"24\" srcset=\"https:\/\/koldingmotion.dk\/wp-content\/uploads\/2022\/01\/gpx-300x300.png 300w, https:\/\/koldingmotion.dk\/wp-content\/uploads\/2022\/01\/gpx-150x150.png 150w, https:\/\/koldingmotion.dk\/wp-content\/uploads\/2022\/01\/gpx.png 512w\" sizes=\"(max-width: 24px) 100vw, 24px\" \/><\/a><\/td>\n<\/tr>\n<tr>\n<td><a href=\"https:\/\/server.moesborg.dk\/~koldingmotion\/wp-content\/uploads\/2020\/10\/25-06_Taulov_-_Hulskov-1.pdf\">28,6 km<\/a><\/td>\n<td>25-06<\/td>\n<td>Taulov \u2013 Hulskov<\/td>\n<td>390 m<\/td>\n<td><a href=\"https:\/\/server.moesborg.dk\/~koldingmotion\/wp-content\/uploads\/2022\/01\/25-06_Taulov_Hulskov.gpx\" target=\"_blank\" rel=\"noopener\"><img loading=\"lazy\" decoding=\"async\" class=\"alignleft wp-image-9344\" src=\"https:\/\/server.moesborg.dk\/~koldingmotion\/wp-content\/uploads\/2022\/01\/gpx-300x300.png\" alt=\"\" width=\"24\" height=\"24\" srcset=\"https:\/\/koldingmotion.dk\/wp-content\/uploads\/2022\/01\/gpx-300x300.png 300w, https:\/\/koldingmotion.dk\/wp-content\/uploads\/2022\/01\/gpx-150x150.png 150w, https:\/\/koldingmotion.dk\/wp-content\/uploads\/2022\/01\/gpx.png 512w\" sizes=\"(max-width: 24px) 100vw, 24px\" \/><\/a><\/td>\n<\/tr>\n<tr>\n<td><a href=\"https:\/\/server.moesborg.dk\/~koldingmotion\/wp-content\/uploads\/2020\/10\/25-07_Loeverodde.pdf\">32,2 km<\/a><\/td>\n<td>25-07<\/td>\n<td>L\u00f8verodde<\/td>\n<td>276 m<\/td>\n<td><a href=\"https:\/\/server.moesborg.dk\/~koldingmotion\/wp-content\/uploads\/2022\/01\/25-07_Loeverodde.gpx\" target=\"_blank\" rel=\"noopener\"><img loading=\"lazy\" decoding=\"async\" class=\"alignleft wp-image-9344\" src=\"https:\/\/server.moesborg.dk\/~koldingmotion\/wp-content\/uploads\/2022\/01\/gpx-300x300.png\" alt=\"\" width=\"24\" height=\"24\" srcset=\"https:\/\/koldingmotion.dk\/wp-content\/uploads\/2022\/01\/gpx-300x300.png 300w, https:\/\/koldingmotion.dk\/wp-content\/uploads\/2022\/01\/gpx-150x150.png 150w, https:\/\/koldingmotion.dk\/wp-content\/uploads\/2022\/01\/gpx.png 512w\" sizes=\"(max-width: 24px) 100vw, 24px\" \/><\/a><\/td>\n<\/tr>\n<tr>\n<td><a href=\"https:\/\/server.moesborg.dk\/~koldingmotion\/wp-content\/uploads\/2021\/10\/25-08_Eltang_Harte_new.pdf\">28,8 km (14 km)<\/a><\/td>\n<td>25-08<\/td>\n<td>Eltang \u2013 Harte<\/td>\n<td>172 m<\/td>\n<td><a href=\"https:\/\/server.moesborg.dk\/~koldingmotion\/wp-content\/uploads\/2022\/01\/25-08_Eltang_Harte.gpx\" target=\"_blank\" rel=\"noopener\"><img loading=\"lazy\" decoding=\"async\" class=\"alignleft wp-image-9344\" src=\"https:\/\/server.moesborg.dk\/~koldingmotion\/wp-content\/uploads\/2022\/01\/gpx-300x300.png\" alt=\"\" width=\"24\" height=\"24\" srcset=\"https:\/\/koldingmotion.dk\/wp-content\/uploads\/2022\/01\/gpx-300x300.png 300w, https:\/\/koldingmotion.dk\/wp-content\/uploads\/2022\/01\/gpx-150x150.png 150w, https:\/\/koldingmotion.dk\/wp-content\/uploads\/2022\/01\/gpx.png 512w\" sizes=\"(max-width: 24px) 100vw, 24px\" \/><\/a><\/td>\n<\/tr>\n<\/tbody>\n<\/table>\n<p><\/div>[\/vc_column][\/vc_row]<\/p>\n","protected":false},"excerpt":{"rendered":"<p>[vc_row][vc_column][vc_column_text]Kort i PDF-format med motionsruter i Kolding og omegn fra B\u00f8gelund. Alle kort er GPS opm\u00e5lt. Har du en god rute i Sporttracks eller andre programmer med GPX format, s\u00e5 [&hellip;]<\/p>\n","protected":false},"author":1,"featured_media":0,"parent":6331,"menu_order":11,"comment_status":"closed","ping_status":"closed","template":"","meta":{"footnotes":""},"class_list":["post-6622","page","type-page","status-publish","hentry"],"_links":{"self":[{"href":"https:\/\/koldingmotion.dk\/index.php\/wp-json\/wp\/v2\/pages\/6622"}],"collection":[{"href":"https:\/\/koldingmotion.dk\/index.php\/wp-json\/wp\/v2\/pages"}],"about":[{"href":"https:\/\/koldingmotion.dk\/index.php\/wp-json\/wp\/v2\/types\/page"}],"author":[{"embeddable":true,"href":"https:\/\/koldingmotion.dk\/index.php\/wp-json\/wp\/v2\/users\/1"}],"replies":[{"embeddable":true,"href":"https:\/\/koldingmotion.dk\/index.php\/wp-json\/wp\/v2\/comments?post=6622"}],"version-history":[{"count":10,"href":"https:\/\/koldingmotion.dk\/index.php\/wp-json\/wp\/v2\/pages\/6622\/revisions"}],"predecessor-version":[{"id":9620,"href":"https:\/\/koldingmotion.dk\/index.php\/wp-json\/wp\/v2\/pages\/6622\/revisions\/9620"}],"up":[{"embeddable":true,"href":"https:\/\/koldingmotion.dk\/index.php\/wp-json\/wp\/v2\/pages\/6331"}],"wp:attachment":[{"href":"https:\/\/koldingmotion.dk\/index.php\/wp-json\/wp\/v2\/media?parent=6622"}],"curies":[{"name":"wp","href":"https:\/\/api.w.org\/{rel}","templated":true}]}}