{"id":6659,"date":"2020-08-21T10:28:53","date_gmt":"2020-08-21T08:28:53","guid":{"rendered":"https:\/\/koldingmotion.robbert.dk\/?page_id=6659"},"modified":"2023-06-07T16:10:34","modified_gmt":"2023-06-07T14:10:34","slug":"klubrekorder","status":"publish","type":"page","link":"https:\/\/koldingmotion.dk\/index.php\/resultater\/klubrekorder\/","title":{"rendered":"Klubrekorder"},"content":{"rendered":"<p>[vc_row][vc_column][vc_column_text]<strong>Klubrekorder\u00a0i Kolding Motion<\/strong><\/p>\n<p><strong>Opdateret 11-01-2023<\/strong>[\/vc_column_text][\/vc_column][\/vc_row][vc_row][vc_column][vc_empty_space height=&#8221;70&#8243;][\/vc_column][\/vc_row][vc_row][vc_column]<div class=\"sc_table\" style=\"width:100%;\"><\/p>\n<table style=\"height: 622px;\" width=\"919\">\n<tbody>\n<tr>\n<td><strong>Distance:<\/strong><\/td>\n<td><strong>K\u00f8n:<\/strong><\/td>\n<td><strong>Navn:<\/strong><\/td>\n<td><strong>Sted:<\/strong><\/td>\n<td><strong>Dato:<\/strong><\/td>\n<td><strong>Brutto:<\/strong><\/td>\n<td><strong>Netto:<\/strong><\/td>\n<\/tr>\n<tr>\n<td>24 timersl\u00f8b<\/td>\n<td>Kvinder<\/td>\n<td><\/td>\n<td><\/td>\n<td><\/td>\n<td><\/td>\n<td><\/td>\n<\/tr>\n<tr>\n<td>24 timersl\u00f8b<\/td>\n<td>M\u00e6nd<\/td>\n<td>Martin Hulgaard<\/td>\n<td>DM \u2013 Mesterskab \u2013 <strong>182,41 km<\/strong><\/td>\n<td>3. juni 2018<\/td>\n<td>24:00:00<\/td>\n<td>24:00:0<\/td>\n<\/tr>\n<tr>\n<td>6 timersl\u00f8b<\/td>\n<td>Kvinder<\/td>\n<td><\/td>\n<td><\/td>\n<td><\/td>\n<td><\/td>\n<td><\/td>\n<\/tr>\n<tr>\n<td>6 timersl\u00f8b<\/td>\n<td>M\u00e6nd<\/td>\n<td><\/td>\n<td><\/td>\n<td><\/td>\n<td><\/td>\n<td><\/td>\n<\/tr>\n<tr>\n<td>100 miles<\/td>\n<td>Kvinder<\/td>\n<td><\/td>\n<td><\/td>\n<td><\/td>\n<td><\/td>\n<td><\/td>\n<\/tr>\n<tr>\n<td>100 miles<\/td>\n<td>M\u00e6nd<\/td>\n<td>Martin Hulgaard<\/td>\n<td>Mors 100 Miles<\/td>\n<td>5-6. sep. 2020<\/td>\n<td><strong>21.26.23<\/strong><\/td>\n<td><\/td>\n<\/tr>\n<tr>\n<td>50 miles<\/td>\n<td>Kvinder<\/td>\n<td>Kristina Schou Madsen<\/td>\n<td>Hammer trail + DM<\/td>\n<td>2. maj 2015<\/td>\n<td><strong>10:34:03<\/strong><\/td>\n<td><\/td>\n<\/tr>\n<tr>\n<td>50 miles<\/td>\n<td>M\u00e6nd<\/td>\n<td>Ulrich Guldahl Poulsen<\/td>\n<td>Hammer trail + DM<\/td>\n<td>2. maj 2015<\/td>\n<td><strong>14:10:09<\/strong><\/td>\n<td>14:09:10<\/td>\n<\/tr>\n<tr>\n<td>100 km<\/td>\n<td>Kvinder<\/td>\n<td><\/td>\n<td><\/td>\n<td><\/td>\n<td><\/td>\n<td><\/td>\n<\/tr>\n<tr>\n<td>100 km<\/td>\n<td>M\u00e6nd<\/td>\n<td><\/td>\n<td><\/td>\n<td><\/td>\n<td><\/td>\n<td><\/td>\n<\/tr>\n<tr>\n<td>50 km<\/td>\n<td>Kvinder<\/td>\n<td>Kristina Schou Madsen<\/td>\n<td>Moesgaard Trailrun + DM lang trail<\/td>\n<td>7. oktober 2018<\/td>\n<td><strong>4:37:13<\/strong><\/td>\n<td><\/td>\n<\/tr>\n<tr>\n<td>50 km<\/td>\n<td>M\u00e6nd<\/td>\n<td><\/td>\n<td><\/td>\n<td><\/td>\n<td><\/td>\n<td><\/td>\n<\/tr>\n<tr>\n<td>Marathon<\/td>\n<td>Kvinder<\/td>\n<td>Louise Skak<\/td>\n<td>Berlin Marathon<\/td>\n<td>24. september 2017<\/td>\n<td><strong>3:05:02<\/strong><\/td>\n<td>3:03:48<\/td>\n<\/tr>\n<tr>\n<td>Marathon<\/td>\n<td>M\u00e6nd<\/td>\n<td>Mads Nygaard Eskesen<\/td>\n<td>Hamburg Marathon<\/td>\n<td>28.\u00a0april 2019<\/td>\n<td><strong>2:43:17<\/strong><\/td>\n<td>2:42:52<\/td>\n<\/tr>\n<tr>\n<td>\u00bd marathon<\/td>\n<td>Kvinder<\/td>\n<td>Anita St\u00f8vring<\/td>\n<td>Vr\u00f8gum<\/td>\n<td>14. juni 2002<\/td>\n<td><strong>1:26:39<\/strong><\/td>\n<td>1:26:39<\/td>\n<\/tr>\n<tr>\n<td>\u00bd marathon<\/td>\n<td>M\u00e6nd<\/td>\n<td>Mads Nygaard Eskesen<\/td>\n<td>HNT Hamburger Halbmarathon<\/td>\n<td>26. marts 2017<\/td>\n<td><strong>1:14:45<\/strong><\/td>\n<td>1:14:45<\/td>\n<\/tr>\n<tr>\n<td>10 km<\/td>\n<td>Kvinder<\/td>\n<td><\/td>\n<td><\/td>\n<td><\/td>\n<td><\/td>\n<td><\/td>\n<\/tr>\n<tr>\n<td>10 km<\/td>\n<td>M\u00e6nd<\/td>\n<td>Frank Jensen<\/td>\n<td>DM 10 km \u2013 Middelfart<\/td>\n<td>19. marts 2018<\/td>\n<td><strong>34:31<\/strong><\/td>\n<td>34:31<\/td>\n<\/tr>\n<tr>\n<td>5\u00a0km<\/td>\n<td>Kvinder<\/td>\n<td><\/td>\n<td><\/td>\n<td><\/td>\n<td><\/td>\n<td><\/td>\n<\/tr>\n<tr>\n<td>5\u00a0km<\/td>\n<td>M\u00e6nd<\/td>\n<td><\/td>\n<td><\/td>\n<td><\/td>\n<td><\/td>\n<\/tr>\n<\/tbody>\n<\/table>\n<p><\/div>[vc_column_text]Hvis du \u00f8nsker dit resultat fra l\u00f8b registreret p\u00e5 hjemmesiden, bedes du sende det til Jan Lundsgaard e-mail: <span id=\"cloak79539\"><span id=\"cloak532bf331eb7e5d1343a0cf2222cbc458\"><a href=\"mailto:formand@koldingmotion.dk\">formand@koldingmotion.dk<\/a><\/span><\/span> eller p\u00e5 mobil 28785819, (SMS).<\/p>\n<p>For at opn\u00e5 klubrekorder i Kolding Motion er det ligesom for danske rekorder og verdensrekorder bruttotiden, som er g\u00e6ldende. Ligeledes skal ruten v\u00e6re DAF-opm\u00e5lt.<\/p>\n<p>F\u00f8lgende er bestemt i klubbens vedt\u00e6gter:<br \/>\nMedlemmet skal ved l\u00f8bstilmelding v\u00e6re medlem af Kolding Motion.<br \/>\nMedlemmet skal ved l\u00f8bet v\u00e6ret tilmeldt i eget navn og under klubnavn skal registreringen v\u00e6re Kolding Motion.<br \/>\nVed l\u00f8bet skal medlemmet v\u00e6re if\u00f8rt officielt klubt\u00f8j med logo.<\/p>\n<p>F\u00f8lgende er bestemt af klubbens bestyrelse:<br \/>\nDen nye Danmarkstr\u00f8je med klubbens navn er ogs\u00e5 at betragte som klubt\u00f8j.<\/p>\n<p>Personlige rekorder er nettotider.[\/vc_column_text][\/vc_column][\/vc_row]<\/p>\n","protected":false},"excerpt":{"rendered":"<p>[vc_row][vc_column][vc_column_text]Klubrekorder\u00a0i Kolding Motion Opdateret 11-01-2023[\/vc_column_text][\/vc_column][\/vc_row][vc_row][vc_column][vc_empty_space height=&#8221;70&#8243;][\/vc_column][\/vc_row][vc_row][vc_column][vc_column_text]Hvis du \u00f8nsker dit resultat fra l\u00f8b registreret p\u00e5 hjemmesiden, bedes du sende det til Jan Lundsgaard e-mail: formand@koldingmotion.dk eller p\u00e5 mobil 28785819, (SMS). For [&hellip;]<\/p>\n","protected":false},"author":1,"featured_media":0,"parent":6662,"menu_order":0,"comment_status":"closed","ping_status":"closed","template":"","meta":{"footnotes":""},"class_list":["post-6659","page","type-page","status-publish","hentry"],"_links":{"self":[{"href":"https:\/\/koldingmotion.dk\/index.php\/wp-json\/wp\/v2\/pages\/6659"}],"collection":[{"href":"https:\/\/koldingmotion.dk\/index.php\/wp-json\/wp\/v2\/pages"}],"about":[{"href":"https:\/\/koldingmotion.dk\/index.php\/wp-json\/wp\/v2\/types\/page"}],"author":[{"embeddable":true,"href":"https:\/\/koldingmotion.dk\/index.php\/wp-json\/wp\/v2\/users\/1"}],"replies":[{"embeddable":true,"href":"https:\/\/koldingmotion.dk\/index.php\/wp-json\/wp\/v2\/comments?post=6659"}],"version-history":[{"count":9,"href":"https:\/\/koldingmotion.dk\/index.php\/wp-json\/wp\/v2\/pages\/6659\/revisions"}],"predecessor-version":[{"id":10774,"href":"https:\/\/koldingmotion.dk\/index.php\/wp-json\/wp\/v2\/pages\/6659\/revisions\/10774"}],"up":[{"embeddable":true,"href":"https:\/\/koldingmotion.dk\/index.php\/wp-json\/wp\/v2\/pages\/6662"}],"wp:attachment":[{"href":"https:\/\/koldingmotion.dk\/index.php\/wp-json\/wp\/v2\/media?parent=6659"}],"curies":[{"name":"wp","href":"https:\/\/api.w.org\/{rel}","templated":true}]}}